{"id":1611,"date":"2024-10-23T09:59:08","date_gmt":"2024-10-23T07:59:08","guid":{"rendered":"https:\/\/argus-ai.at\/rechtshinweis\/"},"modified":"2025-03-19T10:41:40","modified_gmt":"2025-03-19T09:41:40","slug":"rechtshinweis","status":"publish","type":"page","link":"https:\/\/argus-ai.at\/de\/rechtshinweis\/","title":{"rendered":"Rechtshinweis"},"content":{"rendered":"\t\t<div data-elementor-type=\"wp-page\" data-elementor-id=\"1611\" class=\"elementor elementor-1611 elementor-94\" data-elementor-post-type=\"page\">\n\t\t\t\t<div class=\"elementor-element elementor-element-1affe649 e-flex e-con-boxed e-con e-parent\" data-id=\"1affe649\" data-element_type=\"container\" data-e-type=\"container\" data-settings=\"{&quot;background_background&quot;:&quot;classic&quot;}\">\n\t\t\t\t\t<div class=\"e-con-inner\">\n\t\t\t\t<div class=\"elementor-element elementor-element-5c3c643a elementor-widget__width-inherit elementor-widget elementor-widget-heading\" data-id=\"5c3c643a\" data-element_type=\"widget\" data-e-type=\"widget\" data-widget_type=\"heading.default\">\n\t\t\t\t<div class=\"elementor-widget-container\">\n\t\t\t\t\t<h2 class=\"elementor-heading-title elementor-size-default\">Impressum<\/h2>\t\t\t\t<\/div>\n\t\t\t\t<\/div>\n\t\t\t\t<div class=\"elementor-element elementor-element-32df590c elementor-widget__width-inherit elementor-widget elementor-widget-heading\" data-id=\"32df590c\" data-element_type=\"widget\" data-e-type=\"widget\" data-widget_type=\"heading.default\">\n\t\t\t\t<div class=\"elementor-widget-container\">\n\t\t\t\t\t<h2 class=\"elementor-heading-title elementor-size-default\">Offenlegung<\/h2>\t\t\t\t<\/div>\n\t\t\t\t<\/div>\n\t\t\t\t<div class=\"elementor-element elementor-element-1eeca50 elementor-widget__width-initial elementor-invisible elementor-widget elementor-widget-text-editor\" data-id=\"1eeca50\" data-element_type=\"widget\" data-e-type=\"widget\" data-settings=\"{&quot;_animation&quot;:&quot;fadeInUp&quot;}\" data-widget_type=\"text-editor.default\">\n\t\t\t\t<div class=\"elementor-widget-container\">\n\t\t\t\t\t\t\t\t\t<h3><strong>Argus-AI GmbH<\/strong><\/h3><p><strong>Gewerbezone 4<\/strong><br><strong>7053 Hornstein<\/strong><br><strong>\u00d6sterreich<\/strong><\/p><p><span style=\"color: #ffffff;\"><a style=\"color: #ffffff;\" href=\"mailto:info@argus-ai.at\">Info<img decoding=\"async\" class=\"alignnone wp-image-223\" src=\"https:\/\/argus-ai.at\/wp-content\/uploads\/2024\/10\/klammeraffe_WEISS.png\" alt=\"\" width=\"18\" height=\"17\">argus-ai.at<\/a><\/span><\/p><p>Gesellschaft mit beschr\u00e4nkter Haftung<br>Gesch\u00e4ftsleitung: Ing. Marcus Plessl<\/p><p>IT-Consulting und IT-Dienstleistungen<\/p><p>Handelsgericht Eisenstadt<br>Firmenbuchnummer FN 378205i<\/p><p>Mitglied der WK\u00d6, WKBL, UBIT<br>Gewerbeordnung: <a href=\"http:\/\/www.ris.bka.gv.at\/\">www.ris.bka.gv.at<\/a><\/p><p>Bezirkshauptmannschaft Eisenstadt<\/p>\t\t\t\t\t\t\t\t<\/div>\n\t\t\t\t<\/div>\n\t\t\t\t\t<\/div>\n\t\t\t\t<\/div>\n\t\t\t\t<\/div>\n\t\t","protected":false},"excerpt":{"rendered":"<p>Impressum Offenlegung Argus-AI GmbH Gewerbezone 47053 Hornstein\u00d6sterreich Infoargus-ai.at Gesellschaft mit beschr\u00e4nkter HaftungGesch\u00e4ftsleitung: Ing. Marcus Plessl IT-Consulting und IT-Dienstleistungen Handelsgericht EisenstadtFirmenbuchnummer FN 378205i Mitglied der WK\u00d6, WKBL, UBITGewerbeordnung: www.ris.bka.gv.at Bezirkshauptmannschaft Eisenstadt<\/p>\n","protected":false},"author":2,"featured_media":0,"parent":0,"menu_order":0,"comment_status":"closed","ping_status":"closed","template":"","meta":{"footnotes":""},"class_list":["post-1611","page","type-page","status-publish","hentry"],"yoast_head":"<!-- This site is optimized with the Yoast SEO plugin v27.3 - https:\/\/yoast.com\/product\/yoast-seo-wordpress\/ -->\n<title>Rechtshinweis - The Future of AI Consulting<\/title>\n<meta name=\"robots\" content=\"index, follow, max-snippet:-1, max-image-preview:large, max-video-preview:-1\" \/>\n<link rel=\"canonical\" href=\"https:\/\/argus-ai.at\/de\/rechtshinweis\/\" \/>\n<meta property=\"og:locale\" content=\"de_DE\" \/>\n<meta property=\"og:type\" content=\"article\" \/>\n<meta property=\"og:title\" content=\"Rechtshinweis - The Future of AI Consulting\" \/>\n<meta property=\"og:description\" content=\"Impressum Offenlegung Argus-AI GmbH Gewerbezone 47053 Hornstein\u00d6sterreich Infoargus-ai.at Gesellschaft mit beschr\u00e4nkter HaftungGesch\u00e4ftsleitung: Ing. Marcus Plessl IT-Consulting und IT-Dienstleistungen Handelsgericht EisenstadtFirmenbuchnummer FN 378205i Mitglied der WK\u00d6, WKBL, UBITGewerbeordnung: www.ris.bka.gv.at Bezirkshauptmannschaft Eisenstadt\" \/>\n<meta property=\"og:url\" content=\"https:\/\/argus-ai.at\/de\/rechtshinweis\/\" \/>\n<meta property=\"og:site_name\" content=\"The Future of AI Consulting\" \/>\n<meta property=\"article:modified_time\" content=\"2025-03-19T09:41:40+00:00\" \/>\n<meta property=\"og:image\" content=\"https:\/\/argus-ai.at\/wp-content\/uploads\/2024\/10\/klammeraffe_WEISS.png\" \/>\n\t<meta property=\"og:image:width\" content=\"25\" \/>\n\t<meta property=\"og:image:height\" content=\"23\" \/>\n\t<meta property=\"og:image:type\" content=\"image\/png\" \/>\n<meta name=\"twitter:card\" content=\"summary_large_image\" \/>\n<meta name=\"twitter:label1\" content=\"Gesch\u00e4tzte Lesezeit\" \/>\n\t<meta name=\"twitter:data1\" content=\"1\u00a0Minute\" \/>\n<script type=\"application\/ld+json\" class=\"yoast-schema-graph\">{\"@context\":\"https:\\\/\\\/schema.org\",\"@graph\":[{\"@type\":\"WebPage\",\"@id\":\"https:\\\/\\\/argus-ai.at\\\/de\\\/rechtshinweis\\\/\",\"url\":\"https:\\\/\\\/argus-ai.at\\\/de\\\/rechtshinweis\\\/\",\"name\":\"Rechtshinweis - The Future of AI Consulting\",\"isPartOf\":{\"@id\":\"https:\\\/\\\/argus-ai-1-b985bd.ingress-alpha.ewp.live\\\/#website\"},\"primaryImageOfPage\":{\"@id\":\"https:\\\/\\\/argus-ai.at\\\/de\\\/rechtshinweis\\\/#primaryimage\"},\"image\":{\"@id\":\"https:\\\/\\\/argus-ai.at\\\/de\\\/rechtshinweis\\\/#primaryimage\"},\"thumbnailUrl\":\"https:\\\/\\\/argus-ai.at\\\/wp-content\\\/uploads\\\/2024\\\/10\\\/klammeraffe_WEISS.png\",\"datePublished\":\"2024-10-23T07:59:08+00:00\",\"dateModified\":\"2025-03-19T09:41:40+00:00\",\"breadcrumb\":{\"@id\":\"https:\\\/\\\/argus-ai.at\\\/de\\\/rechtshinweis\\\/#breadcrumb\"},\"inLanguage\":\"de\",\"potentialAction\":[{\"@type\":\"ReadAction\",\"target\":[\"https:\\\/\\\/argus-ai.at\\\/de\\\/rechtshinweis\\\/\"]}]},{\"@type\":\"ImageObject\",\"inLanguage\":\"de\",\"@id\":\"https:\\\/\\\/argus-ai.at\\\/de\\\/rechtshinweis\\\/#primaryimage\",\"url\":\"https:\\\/\\\/argus-ai.at\\\/wp-content\\\/uploads\\\/2024\\\/10\\\/klammeraffe_WEISS.png\",\"contentUrl\":\"https:\\\/\\\/argus-ai.at\\\/wp-content\\\/uploads\\\/2024\\\/10\\\/klammeraffe_WEISS.png\"},{\"@type\":\"BreadcrumbList\",\"@id\":\"https:\\\/\\\/argus-ai.at\\\/de\\\/rechtshinweis\\\/#breadcrumb\",\"itemListElement\":[{\"@type\":\"ListItem\",\"position\":1,\"name\":\"Home\",\"item\":\"https:\\\/\\\/argus-ai.at\\\/de\\\/\"},{\"@type\":\"ListItem\",\"position\":2,\"name\":\"Rechtshinweis\"}]},{\"@type\":\"WebSite\",\"@id\":\"https:\\\/\\\/argus-ai-1-b985bd.ingress-alpha.ewp.live\\\/#website\",\"url\":\"https:\\\/\\\/argus-ai-1-b985bd.ingress-alpha.ewp.live\\\/\",\"name\":\"The Future of AI Consulting\",\"description\":\"AI on the test bench\",\"publisher\":{\"@id\":\"https:\\\/\\\/argus-ai-1-b985bd.ingress-alpha.ewp.live\\\/#organization\"},\"potentialAction\":[{\"@type\":\"SearchAction\",\"target\":{\"@type\":\"EntryPoint\",\"urlTemplate\":\"https:\\\/\\\/argus-ai-1-b985bd.ingress-alpha.ewp.live\\\/?s={search_term_string}\"},\"query-input\":{\"@type\":\"PropertyValueSpecification\",\"valueRequired\":true,\"valueName\":\"search_term_string\"}}],\"inLanguage\":\"de\"},{\"@type\":\"Organization\",\"@id\":\"https:\\\/\\\/argus-ai-1-b985bd.ingress-alpha.ewp.live\\\/#organization\",\"name\":\"The Future of AI Consulting\",\"url\":\"https:\\\/\\\/argus-ai-1-b985bd.ingress-alpha.ewp.live\\\/\",\"logo\":{\"@type\":\"ImageObject\",\"inLanguage\":\"de\",\"@id\":\"https:\\\/\\\/argus-ai-1-b985bd.ingress-alpha.ewp.live\\\/#\\\/schema\\\/logo\\\/image\\\/\",\"url\":\"https:\\\/\\\/argus-ai.at\\\/wp-content\\\/uploads\\\/2024\\\/10\\\/Argus-AI-KI-Logo.png\",\"contentUrl\":\"https:\\\/\\\/argus-ai.at\\\/wp-content\\\/uploads\\\/2024\\\/10\\\/Argus-AI-KI-Logo.png\",\"width\":335,\"height\":309,\"caption\":\"The Future of AI Consulting\"},\"image\":{\"@id\":\"https:\\\/\\\/argus-ai-1-b985bd.ingress-alpha.ewp.live\\\/#\\\/schema\\\/logo\\\/image\\\/\"}}]}<\/script>\n<!-- \/ Yoast SEO plugin. -->","yoast_head_json":{"title":"Rechtshinweis - The Future of AI Consulting","robots":{"index":"index","follow":"follow","max-snippet":"max-snippet:-1","max-image-preview":"max-image-preview:large","max-video-preview":"max-video-preview:-1"},"canonical":"https:\/\/argus-ai.at\/de\/rechtshinweis\/","og_locale":"de_DE","og_type":"article","og_title":"Rechtshinweis - The Future of AI Consulting","og_description":"Impressum Offenlegung Argus-AI GmbH Gewerbezone 47053 Hornstein\u00d6sterreich Infoargus-ai.at Gesellschaft mit beschr\u00e4nkter HaftungGesch\u00e4ftsleitung: Ing. Marcus Plessl IT-Consulting und IT-Dienstleistungen Handelsgericht EisenstadtFirmenbuchnummer FN 378205i Mitglied der WK\u00d6, WKBL, UBITGewerbeordnung: www.ris.bka.gv.at Bezirkshauptmannschaft Eisenstadt","og_url":"https:\/\/argus-ai.at\/de\/rechtshinweis\/","og_site_name":"The Future of AI Consulting","article_modified_time":"2025-03-19T09:41:40+00:00","og_image":[{"width":25,"height":23,"url":"https:\/\/argus-ai.at\/wp-content\/uploads\/2024\/10\/klammeraffe_WEISS.png","type":"image\/png"}],"twitter_card":"summary_large_image","twitter_misc":{"Gesch\u00e4tzte Lesezeit":"1\u00a0Minute"},"schema":{"@context":"https:\/\/schema.org","@graph":[{"@type":"WebPage","@id":"https:\/\/argus-ai.at\/de\/rechtshinweis\/","url":"https:\/\/argus-ai.at\/de\/rechtshinweis\/","name":"Rechtshinweis - The Future of AI Consulting","isPartOf":{"@id":"https:\/\/argus-ai-1-b985bd.ingress-alpha.ewp.live\/#website"},"primaryImageOfPage":{"@id":"https:\/\/argus-ai.at\/de\/rechtshinweis\/#primaryimage"},"image":{"@id":"https:\/\/argus-ai.at\/de\/rechtshinweis\/#primaryimage"},"thumbnailUrl":"https:\/\/argus-ai.at\/wp-content\/uploads\/2024\/10\/klammeraffe_WEISS.png","datePublished":"2024-10-23T07:59:08+00:00","dateModified":"2025-03-19T09:41:40+00:00","breadcrumb":{"@id":"https:\/\/argus-ai.at\/de\/rechtshinweis\/#breadcrumb"},"inLanguage":"de","potentialAction":[{"@type":"ReadAction","target":["https:\/\/argus-ai.at\/de\/rechtshinweis\/"]}]},{"@type":"ImageObject","inLanguage":"de","@id":"https:\/\/argus-ai.at\/de\/rechtshinweis\/#primaryimage","url":"https:\/\/argus-ai.at\/wp-content\/uploads\/2024\/10\/klammeraffe_WEISS.png","contentUrl":"https:\/\/argus-ai.at\/wp-content\/uploads\/2024\/10\/klammeraffe_WEISS.png"},{"@type":"BreadcrumbList","@id":"https:\/\/argus-ai.at\/de\/rechtshinweis\/#breadcrumb","itemListElement":[{"@type":"ListItem","position":1,"name":"Home","item":"https:\/\/argus-ai.at\/de\/"},{"@type":"ListItem","position":2,"name":"Rechtshinweis"}]},{"@type":"WebSite","@id":"https:\/\/argus-ai-1-b985bd.ingress-alpha.ewp.live\/#website","url":"https:\/\/argus-ai-1-b985bd.ingress-alpha.ewp.live\/","name":"The Future of AI Consulting","description":"AI on the test bench","publisher":{"@id":"https:\/\/argus-ai-1-b985bd.ingress-alpha.ewp.live\/#organization"},"potentialAction":[{"@type":"SearchAction","target":{"@type":"EntryPoint","urlTemplate":"https:\/\/argus-ai-1-b985bd.ingress-alpha.ewp.live\/?s={search_term_string}"},"query-input":{"@type":"PropertyValueSpecification","valueRequired":true,"valueName":"search_term_string"}}],"inLanguage":"de"},{"@type":"Organization","@id":"https:\/\/argus-ai-1-b985bd.ingress-alpha.ewp.live\/#organization","name":"The Future of AI Consulting","url":"https:\/\/argus-ai-1-b985bd.ingress-alpha.ewp.live\/","logo":{"@type":"ImageObject","inLanguage":"de","@id":"https:\/\/argus-ai-1-b985bd.ingress-alpha.ewp.live\/#\/schema\/logo\/image\/","url":"https:\/\/argus-ai.at\/wp-content\/uploads\/2024\/10\/Argus-AI-KI-Logo.png","contentUrl":"https:\/\/argus-ai.at\/wp-content\/uploads\/2024\/10\/Argus-AI-KI-Logo.png","width":335,"height":309,"caption":"The Future of AI Consulting"},"image":{"@id":"https:\/\/argus-ai-1-b985bd.ingress-alpha.ewp.live\/#\/schema\/logo\/image\/"}}]}},"_links":{"self":[{"href":"https:\/\/argus-ai.at\/de\/wp-json\/wp\/v2\/pages\/1611","targetHints":{"allow":["GET"]}}],"collection":[{"href":"https:\/\/argus-ai.at\/de\/wp-json\/wp\/v2\/pages"}],"about":[{"href":"https:\/\/argus-ai.at\/de\/wp-json\/wp\/v2\/types\/page"}],"author":[{"embeddable":true,"href":"https:\/\/argus-ai.at\/de\/wp-json\/wp\/v2\/users\/2"}],"replies":[{"embeddable":true,"href":"https:\/\/argus-ai.at\/de\/wp-json\/wp\/v2\/comments?post=1611"}],"version-history":[{"count":5,"href":"https:\/\/argus-ai.at\/de\/wp-json\/wp\/v2\/pages\/1611\/revisions"}],"predecessor-version":[{"id":1945,"href":"https:\/\/argus-ai.at\/de\/wp-json\/wp\/v2\/pages\/1611\/revisions\/1945"}],"wp:attachment":[{"href":"https:\/\/argus-ai.at\/de\/wp-json\/wp\/v2\/media?parent=1611"}],"curies":[{"name":"wp","href":"https:\/\/api.w.org\/{rel}","templated":true}]}}