{"id":1612,"date":"2024-10-23T09:59:08","date_gmt":"2024-10-23T07:59:08","guid":{"rendered":"https:\/\/argus-ai.at\/ai-act\/"},"modified":"2025-03-19T10:48:57","modified_gmt":"2025-03-19T09:48:57","slug":"ai-act","status":"publish","type":"page","link":"https:\/\/argus-ai.at\/de\/ai-act\/","title":{"rendered":"AI-Act"},"content":{"rendered":"\t\t<div data-elementor-type=\"wp-page\" data-elementor-id=\"1612\" class=\"elementor elementor-1612 elementor-88\" data-elementor-post-type=\"page\">\n\t\t\t\t<div class=\"elementor-element elementor-element-645f93d9 e-flex e-con-boxed e-con e-parent\" data-id=\"645f93d9\" data-element_type=\"container\" data-e-type=\"container\" data-settings=\"{&quot;background_background&quot;:&quot;classic&quot;}\">\n\t\t\t\t\t<div class=\"e-con-inner\">\n\t\t\t\t<div class=\"elementor-element elementor-element-74e2216b elementor-widget__width-inherit elementor-widget elementor-widget-heading\" data-id=\"74e2216b\" data-element_type=\"widget\" data-e-type=\"widget\" data-widget_type=\"heading.default\">\n\t\t\t\t<div class=\"elementor-widget-container\">\n\t\t\t\t\t<h2 class=\"elementor-heading-title elementor-size-default\">AI-Act<\/h2>\t\t\t\t<\/div>\n\t\t\t\t<\/div>\n\t\t\t\t<div class=\"elementor-element elementor-element-62ced23c elementor-widget__width-inherit elementor-widget elementor-widget-heading\" data-id=\"62ced23c\" data-element_type=\"widget\" data-e-type=\"widget\" data-widget_type=\"heading.default\">\n\t\t\t\t<div class=\"elementor-widget-container\">\n\t\t\t\t\t<h2 class=\"elementor-heading-title elementor-size-default\">Technologie und Recht<\/h2>\t\t\t\t<\/div>\n\t\t\t\t<\/div>\n\t\t\t\t<div class=\"elementor-element elementor-element-350d1c40 elementor-widget__width-initial elementor-invisible elementor-widget elementor-widget-text-editor\" data-id=\"350d1c40\" data-element_type=\"widget\" data-e-type=\"widget\" data-settings=\"{&quot;_animation&quot;:&quot;fadeInUp&quot;}\" data-widget_type=\"text-editor.default\">\n\t\t\t\t<div class=\"elementor-widget-container\">\n\t\t\t\t\t\t\t\t\t<p>Moderne KI-Initiativen sehen sich oft mit der komplexen Schnittmenge von Technologie und Recht konfrontiert. Und manchmal hat man sogar das Gef\u00fchl, dass die rechtlichen Rahmenbedingungen die technologische Innovation behindern. Doch mit Fachwissen, Weitsicht und entsprechenden Ma\u00dfnahmen, lassen sich die meisten Ziele sehr wohl verwirklichen. Es ist wichtig beide Seiten zu ber\u00fccksichtigen und zu verstehen, sowie die rechtlichen und technischen Aspekte zum richtigen Zeitpunkt und mit gesundem Menschenverstand zu betrachten. Wir bei Argus-AI sind der festen \u00dcberzeugung, dass diejenigen, die die Regeln kennen, das Thema auch leben k\u00f6nnen. Daher betrachten wir die Einhaltung rechtlicher Vorschriften als einen wesentlichen Teil unseres Angebots.<\/p><p>Falls erforderlich, beziehen wir in jeder Phase eines Projekts rechtliche \u00dcberlegungen mit ein, um eine sichere und rechtskonforme Einbindung von KI-Technologie in Ihr Unternehmen zu gew\u00e4hrleisten. Vom Datenschutz bis zu den Rechten an geistigem Eigentum oder dem EU-Gesetz \u00fcber k\u00fcnstliche Intelligenz &#8211; wir bieten Ihnen eine ganzheitliche Beratung, die rechtliche und ethische Standards ber\u00fccksichtigt und Unternehmen in die Lage versetzt, KI-getriebene Innovationen auf verantwortungsvolle Weise zu nutzen.<\/p><p>In F\u00e4llen, in denen spezielles juristisches Fachwissen erforderlich ist, sind wir gut vernetzt und arbeiten eng mit vertrauensw\u00fcrdigen Anwaltskanzleien zusammen. Unser Ziel ist es, Ihnen eine ganzheitliche Beratung zu bieten, die sowohl die technischen als auch die rechtlichen Aspekte eines bestimmten Falles ber\u00fccksichtigt. Durch unser internes Fachwissen und unsere Erfahrung mit interdisziplin\u00e4ren Projekten, die IT und Recht kombinieren, k\u00f6nnen wir eine effiziente und effektive Kommunikation zwischen den Disziplinen sicherstellen, was unseren Partnern nicht nur wertvolle Zeit und Nerven spart, sondern auch fundierte L\u00f6sungen erm\u00f6glicht.<\/p>\t\t\t\t\t\t\t\t<\/div>\n\t\t\t\t<\/div>\n\t\t\t\t\t<\/div>\n\t\t\t\t<\/div>\n\t\t\t\t<\/div>\n\t\t","protected":false},"excerpt":{"rendered":"<p>AI-Act Technologie und Recht Moderne KI-Initiativen sehen sich oft mit der komplexen Schnittmenge von Technologie und Recht konfrontiert. Und manchmal hat man sogar das Gef\u00fchl, dass die rechtlichen Rahmenbedingungen die technologische Innovation behindern. Doch mit Fachwissen, Weitsicht und entsprechenden Ma\u00dfnahmen, lassen sich die meisten Ziele sehr wohl verwirklichen. Es ist wichtig beide Seiten zu ber\u00fccksichtigen [&hellip;]<\/p>\n","protected":false},"author":2,"featured_media":0,"parent":0,"menu_order":0,"comment_status":"closed","ping_status":"closed","template":"","meta":{"footnotes":""},"class_list":["post-1612","page","type-page","status-publish","hentry"],"yoast_head":"<!-- This site is optimized with the Yoast SEO plugin v27.3 - https:\/\/yoast.com\/product\/yoast-seo-wordpress\/ -->\n<title>AI-Act - The Future of AI Consulting<\/title>\n<meta name=\"robots\" content=\"index, follow, max-snippet:-1, max-image-preview:large, max-video-preview:-1\" \/>\n<link rel=\"canonical\" href=\"https:\/\/argus-ai.at\/de\/ai-act\/\" \/>\n<meta property=\"og:locale\" content=\"de_DE\" \/>\n<meta property=\"og:type\" content=\"article\" \/>\n<meta property=\"og:title\" content=\"AI-Act - The Future of AI Consulting\" \/>\n<meta property=\"og:description\" content=\"AI-Act Technologie und Recht Moderne KI-Initiativen sehen sich oft mit der komplexen Schnittmenge von Technologie und Recht konfrontiert. Und manchmal hat man sogar das Gef\u00fchl, dass die rechtlichen Rahmenbedingungen die technologische Innovation behindern. Doch mit Fachwissen, Weitsicht und entsprechenden Ma\u00dfnahmen, lassen sich die meisten Ziele sehr wohl verwirklichen. Es ist wichtig beide Seiten zu ber\u00fccksichtigen [&hellip;]\" \/>\n<meta property=\"og:url\" content=\"https:\/\/argus-ai.at\/de\/ai-act\/\" \/>\n<meta property=\"og:site_name\" content=\"The Future of AI Consulting\" \/>\n<meta property=\"article:modified_time\" content=\"2025-03-19T09:48:57+00:00\" \/>\n<meta name=\"twitter:card\" content=\"summary_large_image\" \/>\n<meta name=\"twitter:label1\" content=\"Gesch\u00e4tzte Lesezeit\" \/>\n\t<meta name=\"twitter:data1\" content=\"2\u00a0Minuten\" \/>\n<script type=\"application\/ld+json\" class=\"yoast-schema-graph\">{\"@context\":\"https:\\\/\\\/schema.org\",\"@graph\":[{\"@type\":\"WebPage\",\"@id\":\"https:\\\/\\\/argus-ai.at\\\/de\\\/ai-act\\\/\",\"url\":\"https:\\\/\\\/argus-ai.at\\\/de\\\/ai-act\\\/\",\"name\":\"AI-Act - The Future of AI Consulting\",\"isPartOf\":{\"@id\":\"https:\\\/\\\/argus-ai-1-b985bd.ingress-alpha.ewp.live\\\/#website\"},\"datePublished\":\"2024-10-23T07:59:08+00:00\",\"dateModified\":\"2025-03-19T09:48:57+00:00\",\"breadcrumb\":{\"@id\":\"https:\\\/\\\/argus-ai.at\\\/de\\\/ai-act\\\/#breadcrumb\"},\"inLanguage\":\"de\",\"potentialAction\":[{\"@type\":\"ReadAction\",\"target\":[\"https:\\\/\\\/argus-ai.at\\\/de\\\/ai-act\\\/\"]}]},{\"@type\":\"BreadcrumbList\",\"@id\":\"https:\\\/\\\/argus-ai.at\\\/de\\\/ai-act\\\/#breadcrumb\",\"itemListElement\":[{\"@type\":\"ListItem\",\"position\":1,\"name\":\"Home\",\"item\":\"https:\\\/\\\/argus-ai.at\\\/de\\\/\"},{\"@type\":\"ListItem\",\"position\":2,\"name\":\"AI-Act\"}]},{\"@type\":\"WebSite\",\"@id\":\"https:\\\/\\\/argus-ai-1-b985bd.ingress-alpha.ewp.live\\\/#website\",\"url\":\"https:\\\/\\\/argus-ai-1-b985bd.ingress-alpha.ewp.live\\\/\",\"name\":\"The Future of AI Consulting\",\"description\":\"AI on the test bench\",\"publisher\":{\"@id\":\"https:\\\/\\\/argus-ai-1-b985bd.ingress-alpha.ewp.live\\\/#organization\"},\"potentialAction\":[{\"@type\":\"SearchAction\",\"target\":{\"@type\":\"EntryPoint\",\"urlTemplate\":\"https:\\\/\\\/argus-ai-1-b985bd.ingress-alpha.ewp.live\\\/?s={search_term_string}\"},\"query-input\":{\"@type\":\"PropertyValueSpecification\",\"valueRequired\":true,\"valueName\":\"search_term_string\"}}],\"inLanguage\":\"de\"},{\"@type\":\"Organization\",\"@id\":\"https:\\\/\\\/argus-ai-1-b985bd.ingress-alpha.ewp.live\\\/#organization\",\"name\":\"The Future of AI Consulting\",\"url\":\"https:\\\/\\\/argus-ai-1-b985bd.ingress-alpha.ewp.live\\\/\",\"logo\":{\"@type\":\"ImageObject\",\"inLanguage\":\"de\",\"@id\":\"https:\\\/\\\/argus-ai-1-b985bd.ingress-alpha.ewp.live\\\/#\\\/schema\\\/logo\\\/image\\\/\",\"url\":\"https:\\\/\\\/argus-ai.at\\\/wp-content\\\/uploads\\\/2024\\\/10\\\/Argus-AI-KI-Logo.png\",\"contentUrl\":\"https:\\\/\\\/argus-ai.at\\\/wp-content\\\/uploads\\\/2024\\\/10\\\/Argus-AI-KI-Logo.png\",\"width\":335,\"height\":309,\"caption\":\"The Future of AI Consulting\"},\"image\":{\"@id\":\"https:\\\/\\\/argus-ai-1-b985bd.ingress-alpha.ewp.live\\\/#\\\/schema\\\/logo\\\/image\\\/\"}}]}<\/script>\n<!-- \/ Yoast SEO plugin. -->","yoast_head_json":{"title":"AI-Act - The Future of AI Consulting","robots":{"index":"index","follow":"follow","max-snippet":"max-snippet:-1","max-image-preview":"max-image-preview:large","max-video-preview":"max-video-preview:-1"},"canonical":"https:\/\/argus-ai.at\/de\/ai-act\/","og_locale":"de_DE","og_type":"article","og_title":"AI-Act - The Future of AI Consulting","og_description":"AI-Act Technologie und Recht Moderne KI-Initiativen sehen sich oft mit der komplexen Schnittmenge von Technologie und Recht konfrontiert. Und manchmal hat man sogar das Gef\u00fchl, dass die rechtlichen Rahmenbedingungen die technologische Innovation behindern. Doch mit Fachwissen, Weitsicht und entsprechenden Ma\u00dfnahmen, lassen sich die meisten Ziele sehr wohl verwirklichen. Es ist wichtig beide Seiten zu ber\u00fccksichtigen [&hellip;]","og_url":"https:\/\/argus-ai.at\/de\/ai-act\/","og_site_name":"The Future of AI Consulting","article_modified_time":"2025-03-19T09:48:57+00:00","twitter_card":"summary_large_image","twitter_misc":{"Gesch\u00e4tzte Lesezeit":"2\u00a0Minuten"},"schema":{"@context":"https:\/\/schema.org","@graph":[{"@type":"WebPage","@id":"https:\/\/argus-ai.at\/de\/ai-act\/","url":"https:\/\/argus-ai.at\/de\/ai-act\/","name":"AI-Act - The Future of AI Consulting","isPartOf":{"@id":"https:\/\/argus-ai-1-b985bd.ingress-alpha.ewp.live\/#website"},"datePublished":"2024-10-23T07:59:08+00:00","dateModified":"2025-03-19T09:48:57+00:00","breadcrumb":{"@id":"https:\/\/argus-ai.at\/de\/ai-act\/#breadcrumb"},"inLanguage":"de","potentialAction":[{"@type":"ReadAction","target":["https:\/\/argus-ai.at\/de\/ai-act\/"]}]},{"@type":"BreadcrumbList","@id":"https:\/\/argus-ai.at\/de\/ai-act\/#breadcrumb","itemListElement":[{"@type":"ListItem","position":1,"name":"Home","item":"https:\/\/argus-ai.at\/de\/"},{"@type":"ListItem","position":2,"name":"AI-Act"}]},{"@type":"WebSite","@id":"https:\/\/argus-ai-1-b985bd.ingress-alpha.ewp.live\/#website","url":"https:\/\/argus-ai-1-b985bd.ingress-alpha.ewp.live\/","name":"The Future of AI Consulting","description":"AI on the test bench","publisher":{"@id":"https:\/\/argus-ai-1-b985bd.ingress-alpha.ewp.live\/#organization"},"potentialAction":[{"@type":"SearchAction","target":{"@type":"EntryPoint","urlTemplate":"https:\/\/argus-ai-1-b985bd.ingress-alpha.ewp.live\/?s={search_term_string}"},"query-input":{"@type":"PropertyValueSpecification","valueRequired":true,"valueName":"search_term_string"}}],"inLanguage":"de"},{"@type":"Organization","@id":"https:\/\/argus-ai-1-b985bd.ingress-alpha.ewp.live\/#organization","name":"The Future of AI Consulting","url":"https:\/\/argus-ai-1-b985bd.ingress-alpha.ewp.live\/","logo":{"@type":"ImageObject","inLanguage":"de","@id":"https:\/\/argus-ai-1-b985bd.ingress-alpha.ewp.live\/#\/schema\/logo\/image\/","url":"https:\/\/argus-ai.at\/wp-content\/uploads\/2024\/10\/Argus-AI-KI-Logo.png","contentUrl":"https:\/\/argus-ai.at\/wp-content\/uploads\/2024\/10\/Argus-AI-KI-Logo.png","width":335,"height":309,"caption":"The Future of AI Consulting"},"image":{"@id":"https:\/\/argus-ai-1-b985bd.ingress-alpha.ewp.live\/#\/schema\/logo\/image\/"}}]}},"_links":{"self":[{"href":"https:\/\/argus-ai.at\/de\/wp-json\/wp\/v2\/pages\/1612","targetHints":{"allow":["GET"]}}],"collection":[{"href":"https:\/\/argus-ai.at\/de\/wp-json\/wp\/v2\/pages"}],"about":[{"href":"https:\/\/argus-ai.at\/de\/wp-json\/wp\/v2\/types\/page"}],"author":[{"embeddable":true,"href":"https:\/\/argus-ai.at\/de\/wp-json\/wp\/v2\/users\/2"}],"replies":[{"embeddable":true,"href":"https:\/\/argus-ai.at\/de\/wp-json\/wp\/v2\/comments?post=1612"}],"version-history":[{"count":5,"href":"https:\/\/argus-ai.at\/de\/wp-json\/wp\/v2\/pages\/1612\/revisions"}],"predecessor-version":[{"id":1955,"href":"https:\/\/argus-ai.at\/de\/wp-json\/wp\/v2\/pages\/1612\/revisions\/1955"}],"wp:attachment":[{"href":"https:\/\/argus-ai.at\/de\/wp-json\/wp\/v2\/media?parent=1612"}],"curies":[{"name":"wp","href":"https:\/\/api.w.org\/{rel}","templated":true}]}}