{"id":1616,"date":"2024-10-23T09:59:08","date_gmt":"2024-10-23T07:59:08","guid":{"rendered":"https:\/\/argus-ai.at\/nachrichten\/"},"modified":"2025-09-01T09:57:53","modified_gmt":"2025-09-01T07:57:53","slug":"nachrichten","status":"publish","type":"page","link":"https:\/\/argus-ai.at\/de\/nachrichten\/","title":{"rendered":"Nachrichten"},"content":{"rendered":"\t\t<div data-elementor-type=\"wp-page\" data-elementor-id=\"1616\" class=\"elementor elementor-1616 elementor-100\" data-elementor-post-type=\"page\">\n\t\t\t\t<div class=\"elementor-element elementor-element-20d00ea0 e-flex e-con-boxed e-con e-parent\" data-id=\"20d00ea0\" data-element_type=\"container\" data-e-type=\"container\" id=\"wellennews\" data-settings=\"{&quot;background_background&quot;:&quot;classic&quot;}\">\n\t\t\t\t\t<div class=\"e-con-inner\">\n\t\t\t\t<div class=\"elementor-element elementor-element-23411ab0 elementor-widget__width-inherit elementor-widget elementor-widget-html\" data-id=\"23411ab0\" data-element_type=\"widget\" data-e-type=\"widget\" data-widget_type=\"html.default\">\n\t\t\t\t<div class=\"elementor-widget-container\">\n\t\t\t\t\t<script src=\"https:\/\/cdnjs.cloudflare.com\/ajax\/libs\/three.js\/r121\/three.min.js\"><\/script><script src=\"https:\/\/cdn.jsdelivr.net\/npm\/vanta@latest\/dist\/vanta.waves.min.js\"><\/script><script>VANTA.WAVES({\n  el: \"#wellennews\",\n   mouseControls: true,\n  touchControls: true,\n  gyroControls: false,\n  minHeight: 200.00,\n  minWidth: 200.00,\n  scale: 1.00,\n  scaleMobile: 1.00,\n  color: 0x1a0c2e,\n  shininess: 0.00,\n  waveHeight: 3.00,\n  waveSpeed: 0.90,\n  zoom: 0.65\n\n})\n<\/script>\t\t\t\t<\/div>\n\t\t\t\t<\/div>\n\t\t\t\t<div class=\"elementor-element elementor-element-635afbf5 elementor-widget-mobile__width-inherit elementor-widget__width-inherit elementor-widget elementor-widget-heading\" data-id=\"635afbf5\" data-element_type=\"widget\" data-e-type=\"widget\" data-widget_type=\"heading.default\">\n\t\t\t\t<div class=\"elementor-widget-container\">\n\t\t\t\t\t<h3 class=\"elementor-heading-title elementor-size-default\">News<\/h3>\t\t\t\t<\/div>\n\t\t\t\t<\/div>\n\t\t\t\t<div class=\"elementor-element elementor-element-3af7e98b elementor-widget__width-inherit elementor-widget elementor-widget-heading\" data-id=\"3af7e98b\" data-element_type=\"widget\" data-e-type=\"widget\" data-widget_type=\"heading.default\">\n\t\t\t\t<div class=\"elementor-widget-container\">\n\t\t\t\t\t<h2 class=\"elementor-heading-title elementor-size-default\">Was in der Welt der KI passiert<\/h2>\t\t\t\t<\/div>\n\t\t\t\t<\/div>\n\t\t\t\t<div class=\"elementor-element elementor-element-557f5331 elementor-widget__width-inherit elementor-widget elementor-widget-heading\" data-id=\"557f5331\" data-element_type=\"widget\" data-e-type=\"widget\" data-widget_type=\"heading.default\">\n\t\t\t\t<div class=\"elementor-widget-container\">\n\t\t\t\t\t<h2 class=\"elementor-heading-title elementor-size-default\">Bleiben Sie auf dem Laufenden!<\/h2>\t\t\t\t<\/div>\n\t\t\t\t<\/div>\n\t\t\t\t<div class=\"elementor-element elementor-element-652a932e premium-blog-align-left elementor-widget elementor-widget-premium-addon-blog\" data-id=\"652a932e\" data-element_type=\"widget\" data-e-type=\"widget\" data-settings=\"{&quot;premium_blog_columns_number&quot;:&quot;33.33%&quot;,&quot;premium_blog_grid&quot;:&quot;yes&quot;,&quot;premium_blog_layout&quot;:&quot;even&quot;,&quot;premium_blog_columns_number_tablet&quot;:&quot;50%&quot;,&quot;premium_blog_columns_number_mobile&quot;:&quot;100%&quot;}\" data-widget_type=\"premium-addon-blog.default\">\n\t\t\t\t<div class=\"elementor-widget-container\">\n\t\t\t\t\t\n\t\t\n\n\t\t\t\t<div class=\"premium-blog-wrap  premium-blog-even\" data-page=\"1616\">\n\t\t\t\t\t\t\t\t\t<div class=\"premium-blog-post-outer-container\" data-total=\"1\">\n\t\t\t<div class=\"premium-blog-post-container premium-blog-skin-cards\">\n\t\t\t\t\t\t\t\t\t<div class=\"premium-blog-thumb-effect-wrapper\">\n\t\t\t\t\t\t<div class=\"premium-blog-thumbnail-container premium-blog-zoomin-effect\">\n\t\t\t\t\t\t\t\t\t\t\t<a href=\"https:\/\/argus-ai.at\/de\/treffen-sie-argus-ai-auf-der-icair-2024\/\" target=\"_self\">\n\t\t\t\t<img fetchpriority=\"high\" decoding=\"async\" width=\"2000\" height=\"1143\" src=\"https:\/\/argus-ai.at\/wp-content\/uploads\/2024\/03\/AI-BG.jpg\" class=\"attachment-full size-full wp-image-1573\" alt=\"\" srcset=\"https:\/\/argus-ai.at\/wp-content\/uploads\/2024\/03\/AI-BG.jpg 2000w, https:\/\/argus-ai.at\/wp-content\/uploads\/2024\/03\/AI-BG-300x171.jpg 300w, https:\/\/argus-ai.at\/wp-content\/uploads\/2024\/03\/AI-BG-1024x585.jpg 1024w, https:\/\/argus-ai.at\/wp-content\/uploads\/2024\/03\/AI-BG-768x439.jpg 768w, https:\/\/argus-ai.at\/wp-content\/uploads\/2024\/03\/AI-BG-1536x878.jpg 1536w\" sizes=\"(max-width: 2000px) 100vw, 2000px\" \/>\t\t\t\t<\/a>\n\t\t\t\t\t\t\t\t\t\t<\/div>\n\t\t\t\t\t\t\t\t\t\t\t\t\t<div class=\"premium-blog-effect-container premium-blog-diagonal-effect\">\n\t\t\t\t\t\t\t\t<a class=\"premium-blog-post-link\" href=\"https:\/\/argus-ai.at\/de\/treffen-sie-argus-ai-auf-der-icair-2024\/\" target=\"_self\"><span>Treffen Sie Argus AI auf der ICAIR 2024<\/span><\/a>\n\t\t\t\t\t\t\t\t\t\t\t\t\t\t\t<\/div>\n\t\t\t\t\t\t\t\t\t\t\t<\/div>\n\t\t\t\t\t\t\t\t\t\t\t\t\t\t\t\t\t\t\t<div class=\"premium-blog-author-thumbnail\">\n\t\t\t\t\t\t\t\t\t\t\t\t\t<\/div>\n\t\t\t\t\t\t\t\t\t\t\t\t\t<div class=\"premium-blog-content-wrapper \">\n\n\t\t\t\t\t<div class=\"premium-blog-inner-container\">\n\n\t\t\t\t\t\t\t\t\t\t\t\t\t\t<h2 class=\"premium-blog-entry-title\">\n\t\t\t<a href=\"https:\/\/argus-ai.at\/de\/treffen-sie-argus-ai-auf-der-icair-2024\/\" target=\"_self\">\n\t\t\t\tTreffen Sie Argus AI auf der ICAIR 2024\t\t\t<\/a>\n\t\t<\/h2>\n\t\t\n\t\t\t\t\t<\/div>\n\n\t\t\t\t\t\t\t<div class=\"premium-blog-content-inner-wrapper\">\n\t\t<p class=\"premium-blog-post-content\">Bei Argus AI besch\u00e4ftigen wir uns neben unserer Beratungst\u00e4tigkeit auch mit der Forschung im Bereich der k\u00fcnstlichen Intelligenz, wobei der Schwerpunkt auf der KI-Sicherheit liegt.<\/p><div class=\"premium-blog-excerpt-link-wrap\"><a href=\"https:\/\/argus-ai.at\/de\/treffen-sie-argus-ai-auf-der-icair-2024\/\" target=\"_self\" class=\"premium-blog-excerpt-link elementor-button\">Mehr lesen \"<\/a><\/div>\t\t<\/div>\n\t\t\t\t<div class=\"premium-blog-entry-meta\">\n\t\t\t\n\t\t\t\t\t\t\t<span class=\"premium-blog-meta-separator\">\u2022<\/span>\n\t\t\t\t<div class=\"premium-blog-post-time premium-blog-meta-data\">\n\t\t\t\t\t<i class=\"fa fa-calendar-alt\" aria-hidden=\"true\"><\/i>\n\t\t\t\t\t<span>23\/10\/2024<\/span>\n\t\t\t\t<\/div>\n\t\t\t\n\t\t\t\n\t\t\t\t\t<\/div>\n\t\t\t\t\t\t\t\n\t\t\t\t<\/div>\n\t\t\t<\/div>\n\t\t<\/div>\n\n\t\t\t\t<div class=\"premium-blog-post-outer-container\" data-total=\"1\">\n\t\t\t<div class=\"premium-blog-post-container premium-blog-skin-cards\">\n\t\t\t\t\t\t\t\t\t<div class=\"premium-blog-thumb-effect-wrapper\">\n\t\t\t\t\t\t<div class=\"premium-blog-thumbnail-container premium-blog-zoomin-effect\">\n\t\t\t\t\t\t\t\t\t\t\t<a href=\"https:\/\/argus-ai.at\/de\/argus-ai-stellt-ueberarbeitete-website-vor-und-verbessert-die-benutzerfreundlichkeit-und-zugaenglichkeit\/\" target=\"_self\">\n\t\t\t\t<img decoding=\"async\" width=\"1920\" height=\"1280\" src=\"https:\/\/argus-ai.at\/wp-content\/uploads\/2024\/03\/Revamped-Website.jpg\" class=\"attachment-full size-full wp-image-1574\" alt=\"\" srcset=\"https:\/\/argus-ai.at\/wp-content\/uploads\/2024\/03\/Revamped-Website.jpg 1920w, https:\/\/argus-ai.at\/wp-content\/uploads\/2024\/03\/Revamped-Website-300x200.jpg 300w, https:\/\/argus-ai.at\/wp-content\/uploads\/2024\/03\/Revamped-Website-1024x683.jpg 1024w, https:\/\/argus-ai.at\/wp-content\/uploads\/2024\/03\/Revamped-Website-768x512.jpg 768w, https:\/\/argus-ai.at\/wp-content\/uploads\/2024\/03\/Revamped-Website-1536x1024.jpg 1536w\" sizes=\"(max-width: 1920px) 100vw, 1920px\" \/>\t\t\t\t<\/a>\n\t\t\t\t\t\t\t\t\t\t<\/div>\n\t\t\t\t\t\t\t\t\t\t\t\t\t<div class=\"premium-blog-effect-container premium-blog-diagonal-effect\">\n\t\t\t\t\t\t\t\t<a class=\"premium-blog-post-link\" href=\"https:\/\/argus-ai.at\/de\/argus-ai-stellt-ueberarbeitete-website-vor-und-verbessert-die-benutzerfreundlichkeit-und-zugaenglichkeit\/\" target=\"_self\"><span>Argus AI stellt \u00fcberarbeitete Website vor und verbessert die Benutzerfreundlichkeit und Zug\u00e4nglichkeit<\/span><\/a>\n\t\t\t\t\t\t\t\t\t\t\t\t\t\t\t<\/div>\n\t\t\t\t\t\t\t\t\t\t\t<\/div>\n\t\t\t\t\t\t\t\t\t\t\t\t\t\t\t\t\t\t\t<div class=\"premium-blog-author-thumbnail\">\n\t\t\t\t\t\t\t\t\t\t\t\t\t<\/div>\n\t\t\t\t\t\t\t\t\t\t\t\t\t<div class=\"premium-blog-content-wrapper \">\n\n\t\t\t\t\t<div class=\"premium-blog-inner-container\">\n\n\t\t\t\t\t\t\t\t\t\t\t\t\t\t<h2 class=\"premium-blog-entry-title\">\n\t\t\t<a href=\"https:\/\/argus-ai.at\/de\/argus-ai-stellt-ueberarbeitete-website-vor-und-verbessert-die-benutzerfreundlichkeit-und-zugaenglichkeit\/\" target=\"_self\">\n\t\t\t\tArgus AI stellt \u00fcberarbeitete Website vor und verbessert die Benutzerfreundlichkeit und Zug\u00e4nglichkeit\t\t\t<\/a>\n\t\t<\/h2>\n\t\t\n\t\t\t\t\t<\/div>\n\n\t\t\t\t\t\t\t<div class=\"premium-blog-content-inner-wrapper\">\n\t\t<p class=\"premium-blog-post-content\">In einem bedeutenden Schritt zur Verbesserung der Benutzerfreundlichkeit und Zug\u00e4nglichkeit hat Argus AI mit Stolz den Relaunch seiner Unternehmenswebsite angek\u00fcndigt. Die \u00fcberarbeitete Website, die jetzt<\/p><div class=\"premium-blog-excerpt-link-wrap\"><a href=\"https:\/\/argus-ai.at\/de\/argus-ai-stellt-ueberarbeitete-website-vor-und-verbessert-die-benutzerfreundlichkeit-und-zugaenglichkeit\/\" target=\"_self\" class=\"premium-blog-excerpt-link elementor-button\">Mehr lesen \"<\/a><\/div>\t\t<\/div>\n\t\t\t\t<div class=\"premium-blog-entry-meta\">\n\t\t\t\n\t\t\t\t\t\t\t<span class=\"premium-blog-meta-separator\">\u2022<\/span>\n\t\t\t\t<div class=\"premium-blog-post-time premium-blog-meta-data\">\n\t\t\t\t\t<i class=\"fa fa-calendar-alt\" aria-hidden=\"true\"><\/i>\n\t\t\t\t\t<span>23\/10\/2024<\/span>\n\t\t\t\t<\/div>\n\t\t\t\n\t\t\t\n\t\t\t\t\t<\/div>\n\t\t\t\t\t\t\t\n\t\t\t\t<\/div>\n\t\t\t<\/div>\n\t\t<\/div>\n\n\t\t\t\t\t\t\t<\/div>\n\n\t\t\n\t\t\n\t\t\t\t\t\t<\/div>\n\t\t\t\t<\/div>\n\t\t\t\t\t<\/div>\n\t\t\t\t<\/div>\n\t\t\t\t<\/div>\n\t\t","protected":false},"excerpt":{"rendered":"<p>News Was in der Welt der KI passiert Bleiben Sie auf dem Laufenden! Meet Argus AI at ICAIR 2024 Meet Argus AI at ICAIR 2024 At Argus AI, in addition to our consulting activities, we engage in artificial intelligence research, with a focus on AI security. The research approach is Mehr lesen &#8222; \u2022 23\/10\/2024 [&hellip;]<\/p>\n","protected":false},"author":2,"featured_media":0,"parent":0,"menu_order":0,"comment_status":"closed","ping_status":"closed","template":"","meta":{"footnotes":""},"class_list":["post-1616","page","type-page","status-publish","hentry"],"yoast_head":"<!-- This site is optimized with the Yoast SEO plugin v27.4 - https:\/\/yoast.com\/product\/yoast-seo-wordpress\/ -->\n<title>Nachrichten - The Future of AI Consulting<\/title>\n<meta name=\"description\" content=\"Vertiefen Sie Ihr KI-Wissen mit unseren Bildungsressourcen und Beratungsdiensten. Sehen Sie, was in der Welt der KI passiert und bleiben Sie auf dem Laufenden.\" \/>\n<meta name=\"robots\" content=\"index, follow, max-snippet:-1, max-image-preview:large, max-video-preview:-1\" \/>\n<link rel=\"canonical\" href=\"https:\/\/argus-ai.at\/de\/nachrichten\/\" \/>\n<meta property=\"og:locale\" content=\"de_DE\" \/>\n<meta property=\"og:type\" content=\"article\" \/>\n<meta property=\"og:title\" content=\"Nachrichten - The Future of AI Consulting\" \/>\n<meta property=\"og:description\" content=\"Vertiefen Sie Ihr KI-Wissen mit unseren Bildungsressourcen und Beratungsdiensten. Sehen Sie, was in der Welt der KI passiert und bleiben Sie auf dem Laufenden.\" \/>\n<meta property=\"og:url\" content=\"https:\/\/argus-ai.at\/de\/nachrichten\/\" \/>\n<meta property=\"og:site_name\" content=\"The Future of AI Consulting\" \/>\n<meta property=\"article:modified_time\" content=\"2025-09-01T07:57:53+00:00\" \/>\n<meta property=\"og:image\" content=\"https:\/\/argus-ai.at\/wp-content\/uploads\/2024\/03\/AI-BG.jpg\" \/>\n\t<meta property=\"og:image:width\" content=\"2000\" \/>\n\t<meta property=\"og:image:height\" content=\"1143\" \/>\n\t<meta property=\"og:image:type\" content=\"image\/jpeg\" \/>\n<meta name=\"twitter:card\" content=\"summary_large_image\" \/>\n<meta name=\"twitter:label1\" content=\"Gesch\u00e4tzte Lesezeit\" \/>\n\t<meta name=\"twitter:data1\" content=\"2\u00a0Minuten\" \/>\n<script type=\"application\/ld+json\" class=\"yoast-schema-graph\">{\"@context\":\"https:\\\/\\\/schema.org\",\"@graph\":[{\"@type\":\"WebPage\",\"@id\":\"https:\\\/\\\/argus-ai.at\\\/de\\\/nachrichten\\\/\",\"url\":\"https:\\\/\\\/argus-ai.at\\\/de\\\/nachrichten\\\/\",\"name\":\"Nachrichten - The Future of AI Consulting\",\"isPartOf\":{\"@id\":\"https:\\\/\\\/argus-ai-1-b985bd.ingress-alpha.ewp.live\\\/#website\"},\"primaryImageOfPage\":{\"@id\":\"https:\\\/\\\/argus-ai.at\\\/de\\\/nachrichten\\\/#primaryimage\"},\"image\":{\"@id\":\"https:\\\/\\\/argus-ai.at\\\/de\\\/nachrichten\\\/#primaryimage\"},\"thumbnailUrl\":\"https:\\\/\\\/argus-ai.at\\\/wp-content\\\/uploads\\\/2024\\\/03\\\/AI-BG.jpg\",\"datePublished\":\"2024-10-23T07:59:08+00:00\",\"dateModified\":\"2025-09-01T07:57:53+00:00\",\"description\":\"Vertiefen Sie Ihr KI-Wissen mit unseren Bildungsressourcen und Beratungsdiensten. Sehen Sie, was in der Welt der KI passiert und bleiben Sie auf dem Laufenden.\",\"breadcrumb\":{\"@id\":\"https:\\\/\\\/argus-ai.at\\\/de\\\/nachrichten\\\/#breadcrumb\"},\"inLanguage\":\"de\",\"potentialAction\":[{\"@type\":\"ReadAction\",\"target\":[\"https:\\\/\\\/argus-ai.at\\\/de\\\/nachrichten\\\/\"]}]},{\"@type\":\"ImageObject\",\"inLanguage\":\"de\",\"@id\":\"https:\\\/\\\/argus-ai.at\\\/de\\\/nachrichten\\\/#primaryimage\",\"url\":\"https:\\\/\\\/argus-ai.at\\\/wp-content\\\/uploads\\\/2024\\\/03\\\/AI-BG.jpg\",\"contentUrl\":\"https:\\\/\\\/argus-ai.at\\\/wp-content\\\/uploads\\\/2024\\\/03\\\/AI-BG.jpg\"},{\"@type\":\"BreadcrumbList\",\"@id\":\"https:\\\/\\\/argus-ai.at\\\/de\\\/nachrichten\\\/#breadcrumb\",\"itemListElement\":[{\"@type\":\"ListItem\",\"position\":1,\"name\":\"Home\",\"item\":\"https:\\\/\\\/argus-ai.at\\\/de\\\/\"},{\"@type\":\"ListItem\",\"position\":2,\"name\":\"Nachrichten\"}]},{\"@type\":\"WebSite\",\"@id\":\"https:\\\/\\\/argus-ai-1-b985bd.ingress-alpha.ewp.live\\\/#website\",\"url\":\"https:\\\/\\\/argus-ai-1-b985bd.ingress-alpha.ewp.live\\\/\",\"name\":\"The Future of AI Consulting\",\"description\":\"AI on the test bench\",\"publisher\":{\"@id\":\"https:\\\/\\\/argus-ai-1-b985bd.ingress-alpha.ewp.live\\\/#organization\"},\"potentialAction\":[{\"@type\":\"SearchAction\",\"target\":{\"@type\":\"EntryPoint\",\"urlTemplate\":\"https:\\\/\\\/argus-ai-1-b985bd.ingress-alpha.ewp.live\\\/?s={search_term_string}\"},\"query-input\":{\"@type\":\"PropertyValueSpecification\",\"valueRequired\":true,\"valueName\":\"search_term_string\"}}],\"inLanguage\":\"de\"},{\"@type\":\"Organization\",\"@id\":\"https:\\\/\\\/argus-ai-1-b985bd.ingress-alpha.ewp.live\\\/#organization\",\"name\":\"The Future of AI Consulting\",\"url\":\"https:\\\/\\\/argus-ai-1-b985bd.ingress-alpha.ewp.live\\\/\",\"logo\":{\"@type\":\"ImageObject\",\"inLanguage\":\"de\",\"@id\":\"https:\\\/\\\/argus-ai-1-b985bd.ingress-alpha.ewp.live\\\/#\\\/schema\\\/logo\\\/image\\\/\",\"url\":\"https:\\\/\\\/argus-ai.at\\\/wp-content\\\/uploads\\\/2024\\\/10\\\/Argus-AI-KI-Logo.png\",\"contentUrl\":\"https:\\\/\\\/argus-ai.at\\\/wp-content\\\/uploads\\\/2024\\\/10\\\/Argus-AI-KI-Logo.png\",\"width\":335,\"height\":309,\"caption\":\"The Future of AI Consulting\"},\"image\":{\"@id\":\"https:\\\/\\\/argus-ai-1-b985bd.ingress-alpha.ewp.live\\\/#\\\/schema\\\/logo\\\/image\\\/\"}}]}<\/script>\n<!-- \/ Yoast SEO plugin. -->","yoast_head_json":{"title":"Nachrichten - The Future of AI Consulting","description":"Vertiefen Sie Ihr KI-Wissen mit unseren Bildungsressourcen und Beratungsdiensten. Sehen Sie, was in der Welt der KI passiert und bleiben Sie auf dem Laufenden.","robots":{"index":"index","follow":"follow","max-snippet":"max-snippet:-1","max-image-preview":"max-image-preview:large","max-video-preview":"max-video-preview:-1"},"canonical":"https:\/\/argus-ai.at\/de\/nachrichten\/","og_locale":"de_DE","og_type":"article","og_title":"Nachrichten - The Future of AI Consulting","og_description":"Vertiefen Sie Ihr KI-Wissen mit unseren Bildungsressourcen und Beratungsdiensten. Sehen Sie, was in der Welt der KI passiert und bleiben Sie auf dem Laufenden.","og_url":"https:\/\/argus-ai.at\/de\/nachrichten\/","og_site_name":"The Future of AI Consulting","article_modified_time":"2025-09-01T07:57:53+00:00","og_image":[{"width":2000,"height":1143,"url":"https:\/\/argus-ai.at\/wp-content\/uploads\/2024\/03\/AI-BG.jpg","type":"image\/jpeg"}],"twitter_card":"summary_large_image","twitter_misc":{"Gesch\u00e4tzte Lesezeit":"2\u00a0Minuten"},"schema":{"@context":"https:\/\/schema.org","@graph":[{"@type":"WebPage","@id":"https:\/\/argus-ai.at\/de\/nachrichten\/","url":"https:\/\/argus-ai.at\/de\/nachrichten\/","name":"Nachrichten - The Future of AI Consulting","isPartOf":{"@id":"https:\/\/argus-ai-1-b985bd.ingress-alpha.ewp.live\/#website"},"primaryImageOfPage":{"@id":"https:\/\/argus-ai.at\/de\/nachrichten\/#primaryimage"},"image":{"@id":"https:\/\/argus-ai.at\/de\/nachrichten\/#primaryimage"},"thumbnailUrl":"https:\/\/argus-ai.at\/wp-content\/uploads\/2024\/03\/AI-BG.jpg","datePublished":"2024-10-23T07:59:08+00:00","dateModified":"2025-09-01T07:57:53+00:00","description":"Vertiefen Sie Ihr KI-Wissen mit unseren Bildungsressourcen und Beratungsdiensten. Sehen Sie, was in der Welt der KI passiert und bleiben Sie auf dem Laufenden.","breadcrumb":{"@id":"https:\/\/argus-ai.at\/de\/nachrichten\/#breadcrumb"},"inLanguage":"de","potentialAction":[{"@type":"ReadAction","target":["https:\/\/argus-ai.at\/de\/nachrichten\/"]}]},{"@type":"ImageObject","inLanguage":"de","@id":"https:\/\/argus-ai.at\/de\/nachrichten\/#primaryimage","url":"https:\/\/argus-ai.at\/wp-content\/uploads\/2024\/03\/AI-BG.jpg","contentUrl":"https:\/\/argus-ai.at\/wp-content\/uploads\/2024\/03\/AI-BG.jpg"},{"@type":"BreadcrumbList","@id":"https:\/\/argus-ai.at\/de\/nachrichten\/#breadcrumb","itemListElement":[{"@type":"ListItem","position":1,"name":"Home","item":"https:\/\/argus-ai.at\/de\/"},{"@type":"ListItem","position":2,"name":"Nachrichten"}]},{"@type":"WebSite","@id":"https:\/\/argus-ai-1-b985bd.ingress-alpha.ewp.live\/#website","url":"https:\/\/argus-ai-1-b985bd.ingress-alpha.ewp.live\/","name":"The Future of AI Consulting","description":"AI on the test bench","publisher":{"@id":"https:\/\/argus-ai-1-b985bd.ingress-alpha.ewp.live\/#organization"},"potentialAction":[{"@type":"SearchAction","target":{"@type":"EntryPoint","urlTemplate":"https:\/\/argus-ai-1-b985bd.ingress-alpha.ewp.live\/?s={search_term_string}"},"query-input":{"@type":"PropertyValueSpecification","valueRequired":true,"valueName":"search_term_string"}}],"inLanguage":"de"},{"@type":"Organization","@id":"https:\/\/argus-ai-1-b985bd.ingress-alpha.ewp.live\/#organization","name":"The Future of AI Consulting","url":"https:\/\/argus-ai-1-b985bd.ingress-alpha.ewp.live\/","logo":{"@type":"ImageObject","inLanguage":"de","@id":"https:\/\/argus-ai-1-b985bd.ingress-alpha.ewp.live\/#\/schema\/logo\/image\/","url":"https:\/\/argus-ai.at\/wp-content\/uploads\/2024\/10\/Argus-AI-KI-Logo.png","contentUrl":"https:\/\/argus-ai.at\/wp-content\/uploads\/2024\/10\/Argus-AI-KI-Logo.png","width":335,"height":309,"caption":"The Future of AI Consulting"},"image":{"@id":"https:\/\/argus-ai-1-b985bd.ingress-alpha.ewp.live\/#\/schema\/logo\/image\/"}}]}},"_links":{"self":[{"href":"https:\/\/argus-ai.at\/de\/wp-json\/wp\/v2\/pages\/1616","targetHints":{"allow":["GET"]}}],"collection":[{"href":"https:\/\/argus-ai.at\/de\/wp-json\/wp\/v2\/pages"}],"about":[{"href":"https:\/\/argus-ai.at\/de\/wp-json\/wp\/v2\/types\/page"}],"author":[{"embeddable":true,"href":"https:\/\/argus-ai.at\/de\/wp-json\/wp\/v2\/users\/2"}],"replies":[{"embeddable":true,"href":"https:\/\/argus-ai.at\/de\/wp-json\/wp\/v2\/comments?post=1616"}],"version-history":[{"count":5,"href":"https:\/\/argus-ai.at\/de\/wp-json\/wp\/v2\/pages\/1616\/revisions"}],"predecessor-version":[{"id":2249,"href":"https:\/\/argus-ai.at\/de\/wp-json\/wp\/v2\/pages\/1616\/revisions\/2249"}],"wp:attachment":[{"href":"https:\/\/argus-ai.at\/de\/wp-json\/wp\/v2\/media?parent=1616"}],"curies":[{"name":"wp","href":"https:\/\/api.w.org\/{rel}","templated":true}]}}