{"id":1629,"date":"2024-10-23T09:59:08","date_gmt":"2024-10-23T07:59:08","guid":{"rendered":"https:\/\/argus-ai.at\/gdpr\/"},"modified":"2025-04-08T17:02:24","modified_gmt":"2025-04-08T15:02:24","slug":"gdpr","status":"publish","type":"page","link":"https:\/\/argus-ai.at\/de\/gdpr\/","title":{"rendered":"GDPR"},"content":{"rendered":"\t\t<div data-elementor-type=\"wp-page\" data-elementor-id=\"1629\" class=\"elementor elementor-1629 elementor-97\" data-elementor-post-type=\"page\">\n\t\t\t\t<div class=\"elementor-element elementor-element-34ab2af9 e-flex e-con-boxed e-con e-parent\" data-id=\"34ab2af9\" data-element_type=\"container\" data-e-type=\"container\" data-settings=\"{&quot;background_background&quot;:&quot;classic&quot;}\">\n\t\t\t\t\t<div class=\"e-con-inner\">\n\t\t\t\t<div class=\"elementor-element elementor-element-47152612 elementor-widget elementor-widget-heading\" data-id=\"47152612\" data-element_type=\"widget\" data-e-type=\"widget\" data-widget_type=\"heading.default\">\n\t\t\t\t<div class=\"elementor-widget-container\">\n\t\t\t\t\t<h2 class=\"elementor-heading-title elementor-size-default\">GDPR<\/h2>\t\t\t\t<\/div>\n\t\t\t\t<\/div>\n\t\t\t\t<div class=\"elementor-element elementor-element-c3665de elementor-widget elementor-widget-heading\" data-id=\"c3665de\" data-element_type=\"widget\" data-e-type=\"widget\" data-widget_type=\"heading.default\">\n\t\t\t\t<div class=\"elementor-widget-container\">\n\t\t\t\t\t<h2 class=\"elementor-heading-title elementor-size-default\">Argus KI<\/h2>\t\t\t\t<\/div>\n\t\t\t\t<\/div>\n\t\t\t\t<div class=\"elementor-element elementor-element-9e7bec8 elementor-widget__width-initial elementor-invisible elementor-widget elementor-widget-text-editor\" data-id=\"9e7bec8\" data-element_type=\"widget\" data-e-type=\"widget\" data-settings=\"{&quot;_animation&quot;:&quot;fadeInUp&quot;}\" data-widget_type=\"text-editor.default\">\n\t\t\t\t<div class=\"elementor-widget-container\">\n\t\t\t\t\t\t\t\t\t<h4 class=\"wp-block-heading\"><strong>Wer wir sind<\/strong><\/h4><div class=\"entry-content\"><p>Unsere Website-Adresse lautet: https:\/\/argus-ai.at.<\/p><h4 class=\"wp-block-heading\"><strong>Kommentare<\/strong><\/h4><p>Wenn Besucher Kommentare auf der Website hinterlassen, sammeln wir die Daten, die im Kommentarformular angezeigt werden, sowie die IP-Adresse und den User-Agent-String des Browsers des Besuchers, um die Spam-Erkennung zu unterst\u00fctzen.<\/p><p>Eine anonymisierte Zeichenfolge, die aus Ihrer E-Mail-Adresse erstellt wird (auch Hash genannt), kann dem Gravatar-Dienst zur Verf\u00fcgung gestellt werden, um zu sehen, ob Sie ihn verwenden. Die Datenschutzrichtlinien des Gravatar-Dienstes finden Sie hier: https:\/\/automattic.com\/privacy\/. Nach der Freigabe Ihres Kommentars ist Ihr Profilbild im Zusammenhang mit Ihrem Kommentar \u00f6ffentlich sichtbar. <\/p><h4 class=\"wp-block-heading\"><strong>Medien<\/strong><\/h4><p>Wenn Sie Bilder auf die Website hochladen, sollten Sie es vermeiden, Bilder hochzuladen, die eingebettete Standortdaten (EXIF-GPS) enthalten. Besucher der Website k\u00f6nnen alle Standortdaten von Bildern auf der Website herunterladen und extrahieren. <\/p><h4 class=\"wp-block-heading\"><strong>Cookies<\/strong><\/h4><p>Zur Verwaltung der verwendeten Cookies und \u00e4hnlichen Technologien (Z\u00e4hlpixel, Web Beacons usw.) und der damit verbundenen Zustimmungen verwenden wir das Zustimmungstool &#8222;Real Cookie Banner&#8220;. Einzelheiten zur Funktionsweise von &#8222;Real Cookie Banner&#8220; finden Sie unter <a href=\"https:\/\/devowl.io\/rcb\/data-processing\" target=\"_blank\" rel=\"noopener\">https:\/\/devowl.io\/rcb\/data-processing<\/a> <\/p><p>Die Rechtsgrundlage f\u00fcr die Verarbeitung personenbezogener Daten in diesem Zusammenhang sind Art. 6 (1) (c) GDPR und Art. 6 (1) (f) GDPR. Unser berechtigtes Interesse ist die Verwaltung der verwendeten Cookies und \u00e4hnlicher Technologien sowie der damit verbundenen Zustimmungen. <\/p><p>Die Bereitstellung der personenbezogenen Daten ist weder vertraglich vorgeschrieben noch f\u00fcr den Abschluss eines Vertrages erforderlich. Sie sind nicht verpflichtet, die personenbezogenen Daten bereitzustellen. Wenn Sie die personenbezogenen Daten nicht bereitstellen, k\u00f6nnen wir Ihre Einwilligungen nicht verwalten.  <\/p><p>Wenn Sie einen Kommentar auf unserer Website hinterlassen, k\u00f6nnen Sie sich damit einverstanden erkl\u00e4ren, dass Ihr Name, Ihre E-Mail-Adresse und Ihre Website in Cookies gespeichert werden. Dies dient Ihrer Bequemlichkeit, damit Sie Ihre Daten nicht erneut eingeben m\u00fcssen, wenn Sie einen weiteren Kommentar hinterlassen. Diese Cookies sind ein Jahr lang g\u00fcltig.  <\/p><p>Wenn Sie unsere Anmeldeseite besuchen, setzen wir ein tempor\u00e4res Cookie, um festzustellen, ob Ihr Browser Cookies zul\u00e4sst. Dieses Cookie enth\u00e4lt keine pers\u00f6nlichen Daten und wird verworfen, wenn Sie Ihren Browser schlie\u00dfen. <\/p><p>Wenn Sie sich anmelden, legen wir au\u00dferdem mehrere Cookies an, um Ihre Anmeldeinformationen und die von Ihnen gew\u00e4hlten Bildschirmoptionen zu speichern. Die Anmelde-Cookies bleiben zwei Tage lang gespeichert, die Cookies f\u00fcr die Bildschirmoptionen ein Jahr lang. Wenn Sie &#8222;Angemeldet bleiben&#8220; w\u00e4hlen, bleibt Ihr Login zwei Wochen lang erhalten. Wenn Sie sich von Ihrem Konto abmelden, werden die Anmelde-Cookies entfernt.   <\/p><p>Wenn Sie einen Artikel bearbeiten oder ver\u00f6ffentlichen, wird ein zus\u00e4tzliches Cookie in Ihrem Browser gespeichert. Dieses Cookie enth\u00e4lt keine pers\u00f6nlichen Daten und zeigt lediglich die Post-ID des Artikels an, den Sie gerade bearbeitet haben. Er verf\u00e4llt nach 1 Tag.  <\/p><h4 class=\"wp-block-heading\"><strong>Eingebettete Inhalte von anderen Websites<\/strong><\/h4><p>Die Artikel auf dieser Website k\u00f6nnen eingebettete Inhalte enthalten (z.B. Videos, Bilder, Artikel usw.). Eingebettete Inhalte von anderen Websites verhalten sich genau so, als ob der Besucher die andere Website besucht h\u00e4tte. <\/p><p>Diese Websites k\u00f6nnen Daten \u00fcber Sie sammeln, Cookies verwenden, zus\u00e4tzliche Trackingfunktionen von Drittanbietern einbetten und Ihre Interaktion mit diesen eingebetteten Inhalten \u00fcberwachen, einschlie\u00dflich der Verfolgung Ihrer Interaktion mit den eingebetteten Inhalten, wenn Sie ein Konto haben und auf dieser Website angemeldet sind.<\/p><h4 class=\"wp-block-heading\"><strong>Mit wem wir Ihre Daten teilen<\/strong><\/h4><p>Wenn Sie eine Passwortr\u00fccksetzung anfordern, wird Ihre IP-Adresse in der R\u00fccksetzungs-E-Mail enthalten sein.<\/p><h4 class=\"wp-block-heading\"><strong>Wie lange wir Ihre Daten aufbewahren<\/strong><\/h4><p>Wenn Sie einen Kommentar hinterlassen, werden der Kommentar und seine Metadaten auf unbestimmte Zeit gespeichert. Auf diese Weise k\u00f6nnen wir Folgekommentare automatisch erkennen und genehmigen, anstatt sie in einer Moderationswarteschlange zu halten. <\/p><p>F\u00fcr Benutzer, die sich auf unserer Website registrieren (falls vorhanden), speichern wir auch die pers\u00f6nlichen Daten, die sie in ihrem Benutzerprofil angeben. Alle Benutzer k\u00f6nnen ihre pers\u00f6nlichen Daten jederzeit einsehen, bearbeiten oder l\u00f6schen (au\u00dfer sie k\u00f6nnen ihren Benutzernamen nicht \u00e4ndern). Website-Administratoren k\u00f6nnen diese Informationen ebenfalls einsehen und bearbeiten.  <\/p><h4 class=\"wp-block-heading\"><strong>Welche Rechte Sie \u00fcber Ihre Daten haben<\/strong><\/h4><p>Wenn Sie ein Konto auf dieser Website haben oder Kommentare hinterlassen haben, k\u00f6nnen Sie eine exportierte Datei mit den personenbezogenen Daten anfordern, die wir \u00fcber Sie gespeichert haben, einschlie\u00dflich der Daten, die Sie uns zur Verf\u00fcgung gestellt haben. Sie k\u00f6nnen auch verlangen, dass wir alle personenbezogenen Daten, die wir \u00fcber Sie gespeichert haben, l\u00f6schen. Dies gilt nicht f\u00fcr Daten, die wir aus administrativen, rechtlichen oder Sicherheitsgr\u00fcnden aufbewahren m\u00fcssen.  <\/p><h4 class=\"wp-block-heading\"><strong>Wohin Ihre Daten gesendet werden<\/strong><\/h4><p>Besucherkommentare k\u00f6nnen durch einen automatischen Spam-Erkennungsdienst \u00fcberpr\u00fcft werden.<\/p><\/div>\t\t\t\t\t\t\t\t<\/div>\n\t\t\t\t<\/div>\n\t\t\t\t\t<\/div>\n\t\t\t\t<\/div>\n\t\t\t\t<\/div>\n\t\t","protected":false},"excerpt":{"rendered":"<p>GDPR Argus KI Wer wir sind Unsere Website-Adresse lautet: https:\/\/argus-ai.at. Kommentare Wenn Besucher Kommentare auf der Website hinterlassen, sammeln wir die Daten, die im Kommentarformular angezeigt werden, sowie die IP-Adresse und den User-Agent-String des Browsers des Besuchers, um die Spam-Erkennung zu unterst\u00fctzen. Eine anonymisierte Zeichenfolge, die aus Ihrer E-Mail-Adresse erstellt wird (auch Hash genannt), kann [&hellip;]<\/p>\n","protected":false},"author":2,"featured_media":0,"parent":0,"menu_order":0,"comment_status":"closed","ping_status":"closed","template":"","meta":{"footnotes":""},"class_list":["post-1629","page","type-page","status-publish","hentry"],"yoast_head":"<!-- This site is optimized with the Yoast SEO plugin v27.4 - https:\/\/yoast.com\/product\/yoast-seo-wordpress\/ -->\n<title>GDPR - The Future of AI Consulting<\/title>\n<meta name=\"robots\" content=\"index, follow, max-snippet:-1, max-image-preview:large, max-video-preview:-1\" \/>\n<link rel=\"canonical\" href=\"https:\/\/argus-ai.at\/de\/gdpr\/\" \/>\n<meta property=\"og:locale\" content=\"de_DE\" \/>\n<meta property=\"og:type\" content=\"article\" \/>\n<meta property=\"og:title\" content=\"GDPR - The Future of AI Consulting\" \/>\n<meta property=\"og:description\" content=\"GDPR Argus KI Wer wir sind Unsere Website-Adresse lautet: https:\/\/argus-ai.at. Kommentare Wenn Besucher Kommentare auf der Website hinterlassen, sammeln wir die Daten, die im Kommentarformular angezeigt werden, sowie die IP-Adresse und den User-Agent-String des Browsers des Besuchers, um die Spam-Erkennung zu unterst\u00fctzen. Eine anonymisierte Zeichenfolge, die aus Ihrer E-Mail-Adresse erstellt wird (auch Hash genannt), kann [&hellip;]\" \/>\n<meta property=\"og:url\" content=\"https:\/\/argus-ai.at\/de\/gdpr\/\" \/>\n<meta property=\"og:site_name\" content=\"The Future of AI Consulting\" \/>\n<meta property=\"article:modified_time\" content=\"2025-04-08T15:02:24+00:00\" \/>\n<meta name=\"twitter:card\" content=\"summary_large_image\" \/>\n<meta name=\"twitter:label1\" content=\"Gesch\u00e4tzte Lesezeit\" \/>\n\t<meta name=\"twitter:data1\" content=\"4\u00a0Minuten\" \/>\n<script type=\"application\/ld+json\" class=\"yoast-schema-graph\">{\"@context\":\"https:\\\/\\\/schema.org\",\"@graph\":[{\"@type\":\"WebPage\",\"@id\":\"https:\\\/\\\/argus-ai.at\\\/de\\\/gdpr\\\/\",\"url\":\"https:\\\/\\\/argus-ai.at\\\/de\\\/gdpr\\\/\",\"name\":\"GDPR - The Future of AI Consulting\",\"isPartOf\":{\"@id\":\"https:\\\/\\\/argus-ai-1-b985bd.ingress-alpha.ewp.live\\\/#website\"},\"datePublished\":\"2024-10-23T07:59:08+00:00\",\"dateModified\":\"2025-04-08T15:02:24+00:00\",\"breadcrumb\":{\"@id\":\"https:\\\/\\\/argus-ai.at\\\/de\\\/gdpr\\\/#breadcrumb\"},\"inLanguage\":\"de\",\"potentialAction\":[{\"@type\":\"ReadAction\",\"target\":[\"https:\\\/\\\/argus-ai.at\\\/de\\\/gdpr\\\/\"]}]},{\"@type\":\"BreadcrumbList\",\"@id\":\"https:\\\/\\\/argus-ai.at\\\/de\\\/gdpr\\\/#breadcrumb\",\"itemListElement\":[{\"@type\":\"ListItem\",\"position\":1,\"name\":\"Home\",\"item\":\"https:\\\/\\\/argus-ai.at\\\/de\\\/\"},{\"@type\":\"ListItem\",\"position\":2,\"name\":\"GDPR\"}]},{\"@type\":\"WebSite\",\"@id\":\"https:\\\/\\\/argus-ai-1-b985bd.ingress-alpha.ewp.live\\\/#website\",\"url\":\"https:\\\/\\\/argus-ai-1-b985bd.ingress-alpha.ewp.live\\\/\",\"name\":\"The Future of AI Consulting\",\"description\":\"AI on the test bench\",\"publisher\":{\"@id\":\"https:\\\/\\\/argus-ai-1-b985bd.ingress-alpha.ewp.live\\\/#organization\"},\"potentialAction\":[{\"@type\":\"SearchAction\",\"target\":{\"@type\":\"EntryPoint\",\"urlTemplate\":\"https:\\\/\\\/argus-ai-1-b985bd.ingress-alpha.ewp.live\\\/?s={search_term_string}\"},\"query-input\":{\"@type\":\"PropertyValueSpecification\",\"valueRequired\":true,\"valueName\":\"search_term_string\"}}],\"inLanguage\":\"de\"},{\"@type\":\"Organization\",\"@id\":\"https:\\\/\\\/argus-ai-1-b985bd.ingress-alpha.ewp.live\\\/#organization\",\"name\":\"The Future of AI Consulting\",\"url\":\"https:\\\/\\\/argus-ai-1-b985bd.ingress-alpha.ewp.live\\\/\",\"logo\":{\"@type\":\"ImageObject\",\"inLanguage\":\"de\",\"@id\":\"https:\\\/\\\/argus-ai-1-b985bd.ingress-alpha.ewp.live\\\/#\\\/schema\\\/logo\\\/image\\\/\",\"url\":\"https:\\\/\\\/argus-ai.at\\\/wp-content\\\/uploads\\\/2024\\\/10\\\/Argus-AI-KI-Logo.png\",\"contentUrl\":\"https:\\\/\\\/argus-ai.at\\\/wp-content\\\/uploads\\\/2024\\\/10\\\/Argus-AI-KI-Logo.png\",\"width\":335,\"height\":309,\"caption\":\"The Future of AI Consulting\"},\"image\":{\"@id\":\"https:\\\/\\\/argus-ai-1-b985bd.ingress-alpha.ewp.live\\\/#\\\/schema\\\/logo\\\/image\\\/\"}}]}<\/script>\n<!-- \/ Yoast SEO plugin. -->","yoast_head_json":{"title":"GDPR - The Future of AI Consulting","robots":{"index":"index","follow":"follow","max-snippet":"max-snippet:-1","max-image-preview":"max-image-preview:large","max-video-preview":"max-video-preview:-1"},"canonical":"https:\/\/argus-ai.at\/de\/gdpr\/","og_locale":"de_DE","og_type":"article","og_title":"GDPR - The Future of AI Consulting","og_description":"GDPR Argus KI Wer wir sind Unsere Website-Adresse lautet: https:\/\/argus-ai.at. Kommentare Wenn Besucher Kommentare auf der Website hinterlassen, sammeln wir die Daten, die im Kommentarformular angezeigt werden, sowie die IP-Adresse und den User-Agent-String des Browsers des Besuchers, um die Spam-Erkennung zu unterst\u00fctzen. Eine anonymisierte Zeichenfolge, die aus Ihrer E-Mail-Adresse erstellt wird (auch Hash genannt), kann [&hellip;]","og_url":"https:\/\/argus-ai.at\/de\/gdpr\/","og_site_name":"The Future of AI Consulting","article_modified_time":"2025-04-08T15:02:24+00:00","twitter_card":"summary_large_image","twitter_misc":{"Gesch\u00e4tzte Lesezeit":"4\u00a0Minuten"},"schema":{"@context":"https:\/\/schema.org","@graph":[{"@type":"WebPage","@id":"https:\/\/argus-ai.at\/de\/gdpr\/","url":"https:\/\/argus-ai.at\/de\/gdpr\/","name":"GDPR - The Future of AI Consulting","isPartOf":{"@id":"https:\/\/argus-ai-1-b985bd.ingress-alpha.ewp.live\/#website"},"datePublished":"2024-10-23T07:59:08+00:00","dateModified":"2025-04-08T15:02:24+00:00","breadcrumb":{"@id":"https:\/\/argus-ai.at\/de\/gdpr\/#breadcrumb"},"inLanguage":"de","potentialAction":[{"@type":"ReadAction","target":["https:\/\/argus-ai.at\/de\/gdpr\/"]}]},{"@type":"BreadcrumbList","@id":"https:\/\/argus-ai.at\/de\/gdpr\/#breadcrumb","itemListElement":[{"@type":"ListItem","position":1,"name":"Home","item":"https:\/\/argus-ai.at\/de\/"},{"@type":"ListItem","position":2,"name":"GDPR"}]},{"@type":"WebSite","@id":"https:\/\/argus-ai-1-b985bd.ingress-alpha.ewp.live\/#website","url":"https:\/\/argus-ai-1-b985bd.ingress-alpha.ewp.live\/","name":"The Future of AI Consulting","description":"AI on the test bench","publisher":{"@id":"https:\/\/argus-ai-1-b985bd.ingress-alpha.ewp.live\/#organization"},"potentialAction":[{"@type":"SearchAction","target":{"@type":"EntryPoint","urlTemplate":"https:\/\/argus-ai-1-b985bd.ingress-alpha.ewp.live\/?s={search_term_string}"},"query-input":{"@type":"PropertyValueSpecification","valueRequired":true,"valueName":"search_term_string"}}],"inLanguage":"de"},{"@type":"Organization","@id":"https:\/\/argus-ai-1-b985bd.ingress-alpha.ewp.live\/#organization","name":"The Future of AI Consulting","url":"https:\/\/argus-ai-1-b985bd.ingress-alpha.ewp.live\/","logo":{"@type":"ImageObject","inLanguage":"de","@id":"https:\/\/argus-ai-1-b985bd.ingress-alpha.ewp.live\/#\/schema\/logo\/image\/","url":"https:\/\/argus-ai.at\/wp-content\/uploads\/2024\/10\/Argus-AI-KI-Logo.png","contentUrl":"https:\/\/argus-ai.at\/wp-content\/uploads\/2024\/10\/Argus-AI-KI-Logo.png","width":335,"height":309,"caption":"The Future of AI Consulting"},"image":{"@id":"https:\/\/argus-ai-1-b985bd.ingress-alpha.ewp.live\/#\/schema\/logo\/image\/"}}]}},"_links":{"self":[{"href":"https:\/\/argus-ai.at\/de\/wp-json\/wp\/v2\/pages\/1629","targetHints":{"allow":["GET"]}}],"collection":[{"href":"https:\/\/argus-ai.at\/de\/wp-json\/wp\/v2\/pages"}],"about":[{"href":"https:\/\/argus-ai.at\/de\/wp-json\/wp\/v2\/types\/page"}],"author":[{"embeddable":true,"href":"https:\/\/argus-ai.at\/de\/wp-json\/wp\/v2\/users\/2"}],"replies":[{"embeddable":true,"href":"https:\/\/argus-ai.at\/de\/wp-json\/wp\/v2\/comments?post=1629"}],"version-history":[{"count":2,"href":"https:\/\/argus-ai.at\/de\/wp-json\/wp\/v2\/pages\/1629\/revisions"}],"predecessor-version":[{"id":2024,"href":"https:\/\/argus-ai.at\/de\/wp-json\/wp\/v2\/pages\/1629\/revisions\/2024"}],"wp:attachment":[{"href":"https:\/\/argus-ai.at\/de\/wp-json\/wp\/v2\/media?parent=1629"}],"curies":[{"name":"wp","href":"https:\/\/api.w.org\/{rel}","templated":true}]}}