{"id":1680,"date":"2024-10-23T09:59:08","date_gmt":"2024-10-23T07:59:08","guid":{"rendered":"https:\/\/argus-ai.at\/kontakt\/"},"modified":"2025-09-01T09:58:44","modified_gmt":"2025-09-01T07:58:44","slug":"kontakt","status":"publish","type":"page","link":"https:\/\/argus-ai.at\/de\/kontakt\/","title":{"rendered":"Kontakt"},"content":{"rendered":"\t\t<div data-elementor-type=\"wp-page\" data-elementor-id=\"1680\" class=\"elementor elementor-1680 elementor-103\" data-elementor-post-type=\"page\">\n\t\t\t\t<div class=\"elementor-element elementor-element-63bed4b1 e-flex e-con-boxed e-con e-parent\" data-id=\"63bed4b1\" data-element_type=\"container\" data-e-type=\"container\" id=\"echo\" data-settings=\"{&quot;background_background&quot;:&quot;classic&quot;}\">\n\t\t\t\t\t<div class=\"e-con-inner\">\n\t\t\t\t<div class=\"elementor-element elementor-element-5e27ab3b elementor-widget__width-initial elementor-widget elementor-widget-html\" data-id=\"5e27ab3b\" data-element_type=\"widget\" data-e-type=\"widget\" data-widget_type=\"html.default\">\n\t\t\t\t<div class=\"elementor-widget-container\">\n\t\t\t\t\t<script src=\"https:\/\/cdnjs.cloudflare.com\/ajax\/libs\/p5.js\/1.1.9\/p5.min.js\"><\/script><script src=\"https:\/\/cdn.jsdelivr.net\/npm\/vanta@latest\/dist\/vanta.trunk.min.js\"><\/script><script>VANTA.TRUNK({\n  el: \"#echo\",\n  mouseControls: true,\n  touchControls: true,\n  gyroControls: false,\n  minHeight: 150.00,\n  minWidth: 150.00,\n  scale: 0.20,\n  scaleMobile: 1.00,\n  color: 0xFF32BB,\n  backgroundColor: 0x23153c,\n  chaos: 2.00\n})\n<\/script>\t\t\t\t<\/div>\n\t\t\t\t<\/div>\n\t\t\t\t<div class=\"elementor-element elementor-element-40e07e67 elementor-widget-mobile__width-inherit elementor-widget__width-inherit elementor-widget elementor-widget-heading\" data-id=\"40e07e67\" data-element_type=\"widget\" data-e-type=\"widget\" data-widget_type=\"heading.default\">\n\t\t\t\t<div class=\"elementor-widget-container\">\n\t\t\t\t\t<h3 class=\"elementor-heading-title elementor-size-default\">Kontakt<\/h3>\t\t\t\t<\/div>\n\t\t\t\t<\/div>\n\t\t\t\t<div class=\"elementor-element elementor-element-2577ec2b elementor-widget__width-inherit elementor-widget elementor-widget-heading\" data-id=\"2577ec2b\" data-element_type=\"widget\" data-e-type=\"widget\" data-widget_type=\"heading.default\">\n\t\t\t\t<div class=\"elementor-widget-container\">\n\t\t\t\t\t<h2 class=\"elementor-heading-title elementor-size-default\">Lassen Sie uns zusammenarbeiten...<\/h2>\t\t\t\t<\/div>\n\t\t\t\t<\/div>\n\t\t\t\t<div class=\"elementor-element elementor-element-3774c966 elementor-widget__width-inherit elementor-widget elementor-widget-heading\" data-id=\"3774c966\" data-element_type=\"widget\" data-e-type=\"widget\" data-widget_type=\"heading.default\">\n\t\t\t\t<div class=\"elementor-widget-container\">\n\t\t\t\t\t<h2 class=\"elementor-heading-title elementor-size-default\">..und \u00fcber Ihre Bed\u00fcrfnisse sprechen!<\/h2>\t\t\t\t<\/div>\n\t\t\t\t<\/div>\n\t\t\t\t<div class=\"elementor-element elementor-element-2e6eeff elementor-widget__width-inherit elementor-widget elementor-widget-heading\" data-id=\"2e6eeff\" data-element_type=\"widget\" data-e-type=\"widget\" data-widget_type=\"heading.default\">\n\t\t\t\t<div class=\"elementor-widget-container\">\n\t\t\t\t\t<h2 class=\"elementor-heading-title elementor-size-default\">Setzen Sie sich mit uns in Verbindung und erleben Sie au\u00dfergew\u00f6hnlichen Service, ma\u00dfgeschneiderte L\u00f6sungen und ein Team, das sich f\u00fcr Ihren Erfolg einsetzt. Wir sind hier, um Ihnen zu helfen, Ihre Ziele zu erreichen und Ihre Erwartungen zu \u00fcbertreffen. <\/h2>\t\t\t\t<\/div>\n\t\t\t\t<\/div>\n\t\t\t\t\t<\/div>\n\t\t\t\t<\/div>\n\t\t<div class=\"elementor-element elementor-element-21574f83 e-flex e-con-boxed e-con e-parent\" data-id=\"21574f83\" data-element_type=\"container\" data-e-type=\"container\" id=\"contact\" data-settings=\"{&quot;background_background&quot;:&quot;classic&quot;}\">\n\t\t\t\t\t<div class=\"e-con-inner\">\n\t\t\t\t<div class=\"elementor-element elementor-element-083c7a3 elementor-widget__width-initial elementor-widget-mobile__width-inherit elementor-widget-tablet__width-inherit elementor-widget elementor-widget-google_maps\" data-id=\"083c7a3\" data-element_type=\"widget\" data-e-type=\"widget\" data-widget_type=\"google_maps.default\">\n\t\t\t\t<div class=\"elementor-widget-container\">\n\t\t\t\t\t\t\t<div class=\"elementor-custom-embed\">\n\t\t\t<iframe loading=\"lazy\"\n\t\t\t\t\tsrc=\"https:\/\/www.google.com\/maps\/embed\/v1\/place?key=AIzaSyC8-xeIdrC2YJX1x4YNCAJzoUp6yzryWvw&#038;q=Gewerbezone%204%2C%207053%20Hornstein%2C%20%C3%96sterreich&#038;zoom=13\"\n\t\t\t\t\ttitle=\"Gewerbezone 4, 7053 Hornstein, \u00d6sterreich\"\n\t\t\t\t\taria-label=\"Gewerbezone 4, 7053 Hornstein, \u00d6sterreich\"\n\t\t\t><\/iframe>\n\t\t<\/div>\n\t\t\t\t\t\t<\/div>\n\t\t\t\t<\/div>\n\t\t<div class=\"elementor-element elementor-element-43e70d5a e-con-full e-flex e-con e-child\" data-id=\"43e70d5a\" data-element_type=\"container\" data-e-type=\"container\" data-settings=\"{&quot;background_background&quot;:&quot;classic&quot;}\">\n\t\t\t\t<div class=\"elementor-element elementor-element-6470b3c6 elementor-widget__width-inherit elementor-widget elementor-widget-heading\" data-id=\"6470b3c6\" data-element_type=\"widget\" data-e-type=\"widget\" data-widget_type=\"heading.default\">\n\t\t\t\t<div class=\"elementor-widget-container\">\n\t\t\t\t\t<h2 class=\"elementor-heading-title elementor-size-default\">Kontaktieren Sie uns:<\/h2>\t\t\t\t<\/div>\n\t\t\t\t<\/div>\n\t\t\t\t<div class=\"elementor-element elementor-element-32b74756 elementor-widget__width-inherit elementor-widget elementor-widget-heading\" data-id=\"32b74756\" data-element_type=\"widget\" data-e-type=\"widget\" data-widget_type=\"heading.default\">\n\t\t\t\t<div class=\"elementor-widget-container\">\n\t\t\t\t\t<h2 class=\"elementor-heading-title elementor-size-default\">Senden Sie uns eine Nachricht \u00fcber unser Kontaktformular und lassen Sie uns den Ball ins Rollen bringen!<\/h2>\t\t\t\t<\/div>\n\t\t\t\t<\/div>\n\t\t<div class=\"elementor-element elementor-element-171efec1 e-con-full e-flex e-con e-child\" data-id=\"171efec1\" data-element_type=\"container\" data-e-type=\"container\">\n\t\t\t\t<div class=\"elementor-element elementor-element-5d2ad2d8 elementor-button-align-stretch elementor-widget elementor-widget-form\" data-id=\"5d2ad2d8\" data-element_type=\"widget\" data-e-type=\"widget\" data-settings=\"{&quot;step_next_label&quot;:&quot;N\\u00e4chster&quot;,&quot;step_previous_label&quot;:&quot;Voriger&quot;,&quot;button_width&quot;:&quot;100&quot;,&quot;step_type&quot;:&quot;number_text&quot;,&quot;step_icon_shape&quot;:&quot;circle&quot;}\" data-widget_type=\"form.default\">\n\t\t\t\t<div class=\"elementor-widget-container\">\n\t\t\t\t\t\t\t<form class=\"elementor-form\" method=\"post\" name=\"Neues Formular\" aria-label=\"Neues Formular\">\n\t\t\t<input type=\"hidden\" name=\"post_id\" value=\"1680\"\/>\n\t\t\t<input type=\"hidden\" name=\"form_id\" value=\"5d2ad2d8\"\/>\n\t\t\t<input type=\"hidden\" name=\"referer_title\" value=\"Kontakt - The Future of AI Consulting\" \/>\n\n\t\t\t\t\t\t\t<input type=\"hidden\" name=\"queried_id\" value=\"1680\"\/>\n\t\t\t\n\t\t\t<div class=\"elementor-form-fields-wrapper elementor-labels-above\">\n\t\t\t\t\t\t\t\t<div class=\"elementor-field-type-text elementor-field-group elementor-column elementor-field-group-name elementor-col-100 elementor-field-required\">\n\t\t\t\t\t\t\t\t\t\t\t\t\t<input size=\"1\" type=\"text\" name=\"form_fields[name]\" id=\"form-field-name\" class=\"elementor-field elementor-size-sm  elementor-field-textual\" placeholder=\"Vollst\u00e4ndiger Name\" required=\"required\">\n\t\t\t\t\t\t\t\t\t\t\t<\/div>\n\t\t\t\t\t\t\t\t<div class=\"elementor-field-type-text elementor-field-group elementor-column elementor-field-group-field_4c57ca5 elementor-col-100 elementor-field-required\">\n\t\t\t\t\t\t\t\t\t\t\t\t\t<input size=\"1\" type=\"text\" name=\"form_fields[field_4c57ca5]\" id=\"form-field-field_4c57ca5\" class=\"elementor-field elementor-size-sm  elementor-field-textual\" placeholder=\"Unternehmen\" required=\"required\">\n\t\t\t\t\t\t\t\t\t\t\t<\/div>\n\t\t\t\t\t\t\t\t<div class=\"elementor-field-type-email elementor-field-group elementor-column elementor-field-group-email elementor-col-100 elementor-field-required\">\n\t\t\t\t\t\t\t\t\t\t\t\t\t<input size=\"1\" type=\"email\" name=\"form_fields[email]\" id=\"form-field-email\" class=\"elementor-field elementor-size-sm  elementor-field-textual\" placeholder=\"E-Mail\" required=\"required\">\n\t\t\t\t\t\t\t\t\t\t\t<\/div>\n\t\t\t\t\t\t\t\t<div class=\"elementor-field-type-textarea elementor-field-group elementor-column elementor-field-group-message elementor-col-100\">\n\t\t\t\t\t<textarea class=\"elementor-field-textual elementor-field  elementor-size-sm\" name=\"form_fields[message]\" id=\"form-field-message\" rows=\"4\" placeholder=\"Ihre Nachricht\"><\/textarea>\t\t\t\t<\/div>\n\t\t\t\t\t\t\t\t<div class=\"elementor-field-type-recaptcha_v3 elementor-field-group elementor-column elementor-field-group-field_cdecfdc elementor-col-100 recaptcha_v3-bottomright\">\n\t\t\t\t\t<div class=\"elementor-field\" id=\"form-field-field_cdecfdc\"><div class=\"elementor-g-recaptcha\" data-sitekey=\"6LfJfPIpAAAAAOiOfXowHCvXHmNLMCNEHCT-nVSa\" data-type=\"v3\" data-action=\"Form\" data-badge=\"bottomright\" data-size=\"invisible\"><\/div><\/div>\t\t\t\t<\/div>\n\t\t\t\t\t\t\t\t<div class=\"elementor-field-type-text\">\n\t\t\t\t\t<input size=\"1\" type=\"text\" name=\"form_fields[field_e7a2e5e]\" id=\"form-field-field_e7a2e5e\" class=\"elementor-field elementor-size-sm \" style=\"display:none !important;\">\t\t\t\t<\/div>\n\t\t\t\t\t\t\t\t<div class=\"elementor-field-group elementor-column elementor-field-type-submit elementor-col-100 e-form__buttons\">\n\t\t\t\t\t<button class=\"elementor-button elementor-size-sm\" type=\"submit\">\n\t\t\t\t\t\t<span class=\"elementor-button-content-wrapper\">\n\t\t\t\t\t\t\t\t\t\t\t\t\t\t\t\t\t\t\t\t\t\t<span class=\"elementor-button-text\">senden.<\/span>\n\t\t\t\t\t\t\t\t\t\t\t\t\t<\/span>\n\t\t\t\t\t<\/button>\n\t\t\t\t<\/div>\n\t\t\t<\/div>\n\t\t<\/form>\n\t\t\t\t\t\t<\/div>\n\t\t\t\t<\/div>\n\t\t\t\t<div class=\"elementor-element elementor-element-728d026f elementor-widget elementor-widget-text-editor\" data-id=\"728d026f\" data-element_type=\"widget\" data-e-type=\"widget\" data-widget_type=\"text-editor.default\">\n\t\t\t\t<div class=\"elementor-widget-container\">\n\t\t\t\t\t\t\t\t\t<p>Diese Seite ist durch reCAPTCHA gesch\u00fctzt und es gelten die <a href=\"https:\/\/policies.google.com\/privacy\" target=\"_blank\" rel=\"noopener\">Datenschutzbestimmungen<\/a> und <a href=\"https:\/\/policies.google.com\/terms\" target=\"_blank\" rel=\"noopener\">Nutzungsbedingungen<\/a> von Google.<\/p>\t\t\t\t\t\t\t\t<\/div>\n\t\t\t\t<\/div>\n\t\t\t\t<\/div>\n\t\t<div class=\"elementor-element elementor-element-4a24c10b e-con-full e-flex e-con e-child\" data-id=\"4a24c10b\" data-element_type=\"container\" data-e-type=\"container\">\n\t\t\t\t<div class=\"elementor-element elementor-element-64cfd779 elementor-widget__width-inherit elementor-widget-mobile__width-inherit elementor-widget elementor-widget-heading\" data-id=\"64cfd779\" data-element_type=\"widget\" data-e-type=\"widget\" data-widget_type=\"heading.default\">\n\t\t\t\t<div class=\"elementor-widget-container\">\n\t\t\t\t\t<h2 class=\"elementor-heading-title elementor-size-default\">Besuchen Sie uns<\/h2>\t\t\t\t<\/div>\n\t\t\t\t<\/div>\n\t\t\t\t<div class=\"elementor-element elementor-element-f5c65e7 elementor-widget-mobile__width-inherit elementor-widget elementor-widget-text-editor\" data-id=\"f5c65e7\" data-element_type=\"widget\" data-e-type=\"widget\" data-widget_type=\"text-editor.default\">\n\t\t\t\t<div class=\"elementor-widget-container\">\n\t\t\t\t\t\t\t\t\t<p>(bitte nach Absprache!)<\/p>\t\t\t\t\t\t\t\t<\/div>\n\t\t\t\t<\/div>\n\t\t\t\t<div class=\"elementor-element elementor-element-698cb024 elementor-widget-mobile__width-inherit elementor-widget elementor-widget-text-editor\" data-id=\"698cb024\" data-element_type=\"widget\" data-e-type=\"widget\" data-widget_type=\"text-editor.default\">\n\t\t\t\t<div class=\"elementor-widget-container\">\n\t\t\t\t\t\t\t\t\t<p>Gewerbezone 4<br>7053 Hornstein<br>\u00d6sterreich<\/p>\t\t\t\t\t\t\t\t<\/div>\n\t\t\t\t<\/div>\n\t\t\t\t<div class=\"elementor-element elementor-element-11bb3c7d elementor-widget__width-inherit elementor-widget-mobile__width-inherit elementor-widget elementor-widget-heading\" data-id=\"11bb3c7d\" data-element_type=\"widget\" data-e-type=\"widget\" data-widget_type=\"heading.default\">\n\t\t\t\t<div class=\"elementor-widget-container\">\n\t\t\t\t\t<h2 class=\"elementor-heading-title elementor-size-default\">Sprechen Sie mit uns<\/h2>\t\t\t\t<\/div>\n\t\t\t\t<\/div>\n\t\t\t\t<div class=\"elementor-element elementor-element-1f015db elementor-widget-mobile__width-inherit elementor-icon-list--layout-traditional elementor-list-item-link-full_width elementor-widget elementor-widget-icon-list\" data-id=\"1f015db\" data-element_type=\"widget\" data-e-type=\"widget\" data-widget_type=\"icon-list.default\">\n\t\t\t\t<div class=\"elementor-widget-container\">\n\t\t\t\t\t\t\t<ul class=\"elementor-icon-list-items\">\n\t\t\t\t\t\t\t<li class=\"elementor-icon-list-item\">\n\t\t\t\t\t\t\t\t\t\t\t<a href=\"tel:004366480884890\">\n\n\t\t\t\t\t\t\t\t\t\t\t\t<span class=\"elementor-icon-list-icon\">\n\t\t\t\t\t\t\t<svg aria-hidden=\"true\" class=\"e-font-icon-svg e-fas-phone-square\" viewBox=\"0 0 448 512\" xmlns=\"http:\/\/www.w3.org\/2000\/svg\"><path d=\"M400 32H48C21.49 32 0 53.49 0 80v352c0 26.51 21.49 48 48 48h352c26.51 0 48-21.49 48-48V80c0-26.51-21.49-48-48-48zM94 416c-7.033 0-13.057-4.873-14.616-11.627l-14.998-65a15 15 0 0 1 8.707-17.16l69.998-29.999a15 15 0 0 1 17.518 4.289l30.997 37.885c48.944-22.963 88.297-62.858 110.781-110.78l-37.886-30.997a15.001 15.001 0 0 1-4.289-17.518l30-69.998a15 15 0 0 1 17.16-8.707l65 14.998A14.997 14.997 0 0 1 384 126c0 160.292-129.945 290-290 290z\"><\/path><\/svg>\t\t\t\t\t\t<\/span>\n\t\t\t\t\t\t\t\t\t\t<span class=\"elementor-icon-list-text\">+43 664 80884 890<\/span>\n\t\t\t\t\t\t\t\t\t\t\t<\/a>\n\t\t\t\t\t\t\t\t\t<\/li>\n\t\t\t\t\t\t\t\t<li class=\"elementor-icon-list-item\">\n\t\t\t\t\t\t\t\t\t\t\t<span class=\"elementor-icon-list-icon\">\n\t\t\t\t\t\t\t<svg aria-hidden=\"true\" class=\"e-font-icon-svg e-fas-envelope\" viewBox=\"0 0 512 512\" xmlns=\"http:\/\/www.w3.org\/2000\/svg\"><path d=\"M502.3 190.8c3.9-3.1 9.7-.2 9.7 4.7V400c0 26.5-21.5 48-48 48H48c-26.5 0-48-21.5-48-48V195.6c0-5 5.7-7.8 9.7-4.7 22.4 17.4 52.1 39.5 154.1 113.6 21.1 15.4 56.7 47.8 92.2 47.6 35.7.3 72-32.8 92.3-47.6 102-74.1 131.6-96.3 154-113.7zM256 320c23.2.4 56.6-29.2 73.4-41.4 132.7-96.3 142.8-104.7 173.4-128.7 5.8-4.5 9.2-11.5 9.2-18.9v-19c0-26.5-21.5-48-48-48H48C21.5 64 0 85.5 0 112v19c0 7.4 3.4 14.3 9.2 18.9 30.6 23.9 40.7 32.4 173.4 128.7 16.8 12.2 50.2 41.8 73.4 41.4z\"><\/path><\/svg>\t\t\t\t\t\t<\/span>\n\t\t\t\t\t\t\t\t\t\t<span class=\"elementor-icon-list-text\">contact@argus-ai.at<\/span>\n\t\t\t\t\t\t\t\t\t<\/li>\n\t\t\t\t\t\t<\/ul>\n\t\t\t\t\t\t<\/div>\n\t\t\t\t<\/div>\n\t\t\t\t<\/div>\n\t\t\t\t<\/div>\n\t\t\t\t\t<\/div>\n\t\t\t\t<\/div>\n\t\t\t\t<\/div>\n\t\t","protected":false},"excerpt":{"rendered":"<p>Kontakt Lassen Sie uns zusammenarbeiten&#8230; ..und \u00fcber Ihre Bed\u00fcrfnisse sprechen! Setzen Sie sich mit uns in Verbindung und erleben Sie au\u00dfergew\u00f6hnlichen Service, ma\u00dfgeschneiderte L\u00f6sungen und ein Team, das sich f\u00fcr Ihren Erfolg einsetzt. Wir sind hier, um Ihnen zu helfen, Ihre Ziele zu erreichen und Ihre Erwartungen zu \u00fcbertreffen. Kontaktieren Sie uns: Senden Sie uns [&hellip;]<\/p>\n","protected":false},"author":2,"featured_media":0,"parent":0,"menu_order":0,"comment_status":"closed","ping_status":"closed","template":"","meta":{"footnotes":""},"class_list":["post-1680","page","type-page","status-publish","hentry"],"yoast_head":"<!-- This site is optimized with the Yoast SEO plugin v27.3 - https:\/\/yoast.com\/product\/yoast-seo-wordpress\/ -->\n<title>Kontakt - The Future of AI Consulting<\/title>\n<meta name=\"description\" content=\"Schlie\u00dfen Sie sich AI Red an, um experimentelle KI-Anwendungen zu erforschen und neue Innovationswege zu erschlie\u00dfen. Nehmen Sie noch heute Kontakt mit uns auf!\" \/>\n<meta name=\"robots\" content=\"index, follow, max-snippet:-1, max-image-preview:large, max-video-preview:-1\" \/>\n<link rel=\"canonical\" href=\"https:\/\/argus-ai.at\/de\/kontakt\/\" \/>\n<meta property=\"og:locale\" content=\"de_DE\" \/>\n<meta property=\"og:type\" content=\"article\" \/>\n<meta property=\"og:title\" content=\"Kontakt - The Future of AI Consulting\" \/>\n<meta property=\"og:description\" content=\"Schlie\u00dfen Sie sich AI Red an, um experimentelle KI-Anwendungen zu erforschen und neue Innovationswege zu erschlie\u00dfen. Nehmen Sie noch heute Kontakt mit uns auf!\" \/>\n<meta property=\"og:url\" content=\"https:\/\/argus-ai.at\/de\/kontakt\/\" \/>\n<meta property=\"og:site_name\" content=\"The Future of AI Consulting\" \/>\n<meta property=\"article:modified_time\" content=\"2025-09-01T07:58:44+00:00\" \/>\n<meta name=\"twitter:card\" content=\"summary_large_image\" \/>\n<meta name=\"twitter:label1\" content=\"Gesch\u00e4tzte Lesezeit\" \/>\n\t<meta name=\"twitter:data1\" content=\"1\u00a0Minute\" \/>\n<script type=\"application\/ld+json\" class=\"yoast-schema-graph\">{\"@context\":\"https:\\\/\\\/schema.org\",\"@graph\":[{\"@type\":\"WebPage\",\"@id\":\"https:\\\/\\\/argus-ai.at\\\/de\\\/kontakt\\\/\",\"url\":\"https:\\\/\\\/argus-ai.at\\\/de\\\/kontakt\\\/\",\"name\":\"Kontakt - The Future of AI Consulting\",\"isPartOf\":{\"@id\":\"https:\\\/\\\/argus-ai-1-b985bd.ingress-alpha.ewp.live\\\/#website\"},\"datePublished\":\"2024-10-23T07:59:08+00:00\",\"dateModified\":\"2025-09-01T07:58:44+00:00\",\"description\":\"Schlie\u00dfen Sie sich AI Red an, um experimentelle KI-Anwendungen zu erforschen und neue Innovationswege zu erschlie\u00dfen. Nehmen Sie noch heute Kontakt mit uns auf!\",\"breadcrumb\":{\"@id\":\"https:\\\/\\\/argus-ai.at\\\/de\\\/kontakt\\\/#breadcrumb\"},\"inLanguage\":\"de\",\"potentialAction\":[{\"@type\":\"ReadAction\",\"target\":[\"https:\\\/\\\/argus-ai.at\\\/de\\\/kontakt\\\/\"]}]},{\"@type\":\"BreadcrumbList\",\"@id\":\"https:\\\/\\\/argus-ai.at\\\/de\\\/kontakt\\\/#breadcrumb\",\"itemListElement\":[{\"@type\":\"ListItem\",\"position\":1,\"name\":\"Home\",\"item\":\"https:\\\/\\\/argus-ai.at\\\/de\\\/\"},{\"@type\":\"ListItem\",\"position\":2,\"name\":\"Kontakt\"}]},{\"@type\":\"WebSite\",\"@id\":\"https:\\\/\\\/argus-ai-1-b985bd.ingress-alpha.ewp.live\\\/#website\",\"url\":\"https:\\\/\\\/argus-ai-1-b985bd.ingress-alpha.ewp.live\\\/\",\"name\":\"The Future of AI Consulting\",\"description\":\"AI on the test bench\",\"publisher\":{\"@id\":\"https:\\\/\\\/argus-ai-1-b985bd.ingress-alpha.ewp.live\\\/#organization\"},\"potentialAction\":[{\"@type\":\"SearchAction\",\"target\":{\"@type\":\"EntryPoint\",\"urlTemplate\":\"https:\\\/\\\/argus-ai-1-b985bd.ingress-alpha.ewp.live\\\/?s={search_term_string}\"},\"query-input\":{\"@type\":\"PropertyValueSpecification\",\"valueRequired\":true,\"valueName\":\"search_term_string\"}}],\"inLanguage\":\"de\"},{\"@type\":\"Organization\",\"@id\":\"https:\\\/\\\/argus-ai-1-b985bd.ingress-alpha.ewp.live\\\/#organization\",\"name\":\"The Future of AI Consulting\",\"url\":\"https:\\\/\\\/argus-ai-1-b985bd.ingress-alpha.ewp.live\\\/\",\"logo\":{\"@type\":\"ImageObject\",\"inLanguage\":\"de\",\"@id\":\"https:\\\/\\\/argus-ai-1-b985bd.ingress-alpha.ewp.live\\\/#\\\/schema\\\/logo\\\/image\\\/\",\"url\":\"https:\\\/\\\/argus-ai.at\\\/wp-content\\\/uploads\\\/2024\\\/10\\\/Argus-AI-KI-Logo.png\",\"contentUrl\":\"https:\\\/\\\/argus-ai.at\\\/wp-content\\\/uploads\\\/2024\\\/10\\\/Argus-AI-KI-Logo.png\",\"width\":335,\"height\":309,\"caption\":\"The Future of AI Consulting\"},\"image\":{\"@id\":\"https:\\\/\\\/argus-ai-1-b985bd.ingress-alpha.ewp.live\\\/#\\\/schema\\\/logo\\\/image\\\/\"}}]}<\/script>\n<!-- \/ Yoast SEO plugin. -->","yoast_head_json":{"title":"Kontakt - The Future of AI Consulting","description":"Schlie\u00dfen Sie sich AI Red an, um experimentelle KI-Anwendungen zu erforschen und neue Innovationswege zu erschlie\u00dfen. Nehmen Sie noch heute Kontakt mit uns auf!","robots":{"index":"index","follow":"follow","max-snippet":"max-snippet:-1","max-image-preview":"max-image-preview:large","max-video-preview":"max-video-preview:-1"},"canonical":"https:\/\/argus-ai.at\/de\/kontakt\/","og_locale":"de_DE","og_type":"article","og_title":"Kontakt - The Future of AI Consulting","og_description":"Schlie\u00dfen Sie sich AI Red an, um experimentelle KI-Anwendungen zu erforschen und neue Innovationswege zu erschlie\u00dfen. Nehmen Sie noch heute Kontakt mit uns auf!","og_url":"https:\/\/argus-ai.at\/de\/kontakt\/","og_site_name":"The Future of AI Consulting","article_modified_time":"2025-09-01T07:58:44+00:00","twitter_card":"summary_large_image","twitter_misc":{"Gesch\u00e4tzte Lesezeit":"1\u00a0Minute"},"schema":{"@context":"https:\/\/schema.org","@graph":[{"@type":"WebPage","@id":"https:\/\/argus-ai.at\/de\/kontakt\/","url":"https:\/\/argus-ai.at\/de\/kontakt\/","name":"Kontakt - The Future of AI Consulting","isPartOf":{"@id":"https:\/\/argus-ai-1-b985bd.ingress-alpha.ewp.live\/#website"},"datePublished":"2024-10-23T07:59:08+00:00","dateModified":"2025-09-01T07:58:44+00:00","description":"Schlie\u00dfen Sie sich AI Red an, um experimentelle KI-Anwendungen zu erforschen und neue Innovationswege zu erschlie\u00dfen. Nehmen Sie noch heute Kontakt mit uns auf!","breadcrumb":{"@id":"https:\/\/argus-ai.at\/de\/kontakt\/#breadcrumb"},"inLanguage":"de","potentialAction":[{"@type":"ReadAction","target":["https:\/\/argus-ai.at\/de\/kontakt\/"]}]},{"@type":"BreadcrumbList","@id":"https:\/\/argus-ai.at\/de\/kontakt\/#breadcrumb","itemListElement":[{"@type":"ListItem","position":1,"name":"Home","item":"https:\/\/argus-ai.at\/de\/"},{"@type":"ListItem","position":2,"name":"Kontakt"}]},{"@type":"WebSite","@id":"https:\/\/argus-ai-1-b985bd.ingress-alpha.ewp.live\/#website","url":"https:\/\/argus-ai-1-b985bd.ingress-alpha.ewp.live\/","name":"The Future of AI Consulting","description":"AI on the test bench","publisher":{"@id":"https:\/\/argus-ai-1-b985bd.ingress-alpha.ewp.live\/#organization"},"potentialAction":[{"@type":"SearchAction","target":{"@type":"EntryPoint","urlTemplate":"https:\/\/argus-ai-1-b985bd.ingress-alpha.ewp.live\/?s={search_term_string}"},"query-input":{"@type":"PropertyValueSpecification","valueRequired":true,"valueName":"search_term_string"}}],"inLanguage":"de"},{"@type":"Organization","@id":"https:\/\/argus-ai-1-b985bd.ingress-alpha.ewp.live\/#organization","name":"The Future of AI Consulting","url":"https:\/\/argus-ai-1-b985bd.ingress-alpha.ewp.live\/","logo":{"@type":"ImageObject","inLanguage":"de","@id":"https:\/\/argus-ai-1-b985bd.ingress-alpha.ewp.live\/#\/schema\/logo\/image\/","url":"https:\/\/argus-ai.at\/wp-content\/uploads\/2024\/10\/Argus-AI-KI-Logo.png","contentUrl":"https:\/\/argus-ai.at\/wp-content\/uploads\/2024\/10\/Argus-AI-KI-Logo.png","width":335,"height":309,"caption":"The Future of AI Consulting"},"image":{"@id":"https:\/\/argus-ai-1-b985bd.ingress-alpha.ewp.live\/#\/schema\/logo\/image\/"}}]}},"_links":{"self":[{"href":"https:\/\/argus-ai.at\/de\/wp-json\/wp\/v2\/pages\/1680","targetHints":{"allow":["GET"]}}],"collection":[{"href":"https:\/\/argus-ai.at\/de\/wp-json\/wp\/v2\/pages"}],"about":[{"href":"https:\/\/argus-ai.at\/de\/wp-json\/wp\/v2\/types\/page"}],"author":[{"embeddable":true,"href":"https:\/\/argus-ai.at\/de\/wp-json\/wp\/v2\/users\/2"}],"replies":[{"embeddable":true,"href":"https:\/\/argus-ai.at\/de\/wp-json\/wp\/v2\/comments?post=1680"}],"version-history":[{"count":5,"href":"https:\/\/argus-ai.at\/de\/wp-json\/wp\/v2\/pages\/1680\/revisions"}],"predecessor-version":[{"id":2252,"href":"https:\/\/argus-ai.at\/de\/wp-json\/wp\/v2\/pages\/1680\/revisions\/2252"}],"wp:attachment":[{"href":"https:\/\/argus-ai.at\/de\/wp-json\/wp\/v2\/media?parent=1680"}],"curies":[{"name":"wp","href":"https:\/\/api.w.org\/{rel}","templated":true}]}}